{"id":516,"date":"2020-10-26T12:24:26","date_gmt":"2020-10-26T12:24:26","guid":{"rendered":"http:\/\/amwerk.bold-themes.com\/berlin\/?page_id=516"},"modified":"2024-04-16T09:32:57","modified_gmt":"2024-04-16T09:32:57","slug":"makine-parki","status":"publish","type":"page","link":"https:\/\/www.demirmodel.com\/en\/hakkimizda\/makine-parki\/","title":{"rendered":"Machinery Park"},"content":{"rendered":"<section id=\"bt_bb_section69e75fd3a3d85\" class=\"bt_bb_section bt_bb_color_scheme_2 bt_bb_layout_wide bt_bb_vertical_align_top bt_bb_bottom_spacing_100\" style=\"z-index: 1;; --section-primary-color:#000000; --section-secondary-color:#ffffff;\" data-bt-override-class=\"null\"><div class=\"bt_bb_port\"><div class=\"bt_bb_cell\"><div class=\"bt_bb_cell_inner\"><div class=\"bt_bb_row_wrapper\"><div  class=\"bt_bb_row\"  data-bt-override-class=\"{}\"><div  class=\"bt_bb_column col-xxl-12 col-xl-12 bt_bb_vertical_align_top bt_bb_align_left bt_bb_padding_normal\"  data-width=\"12\" data-bt-override-class=\"{}\"><div class=\"bt_bb_column_content\"><div class=\"bt_bb_column_content_inner\"><div class=\"bt_bb_separator bt_bb_border_style_none bt_bb_bottom_spacing_100 bt_bb_hidden_xs bt_bb_hidden_ms bt_bb_hidden_sm\" data-bt-override-class=\"null\"><\/div><\/div><\/div><\/div><\/div><\/div><div class=\"bt_bb_row_wrapper bt_bb_row_push_left bt_bb_content_wide bt_bb_row_width_boxed_1200\"><div  class=\"bt_bb_row\"  data-bt-override-class=\"{}\"><div  class=\"bt_bb_column col-xxl-6 col-xl-6 bt_bb_vertical_align_top bt_bb_align_right bt_bb_padding_normal bt_bb_animation_fade_in bt_bb_animation_zoom_out animate\"  data-width=\"6\" data-bt-override-class=\"{}\"><div class=\"bt_bb_column_content\"><div class=\"bt_bb_column_content_inner\"><div class=\"bt_bb_slider bt_bb_height_auto bt_bb_animation_fade animate bt_bb_overflow_no bt_bb_thick_line_alternate bt_bb_active_dot_accent bt_bb_inactive_dot_light_font bt_bb_slider_arrows_dark_font_light_bg bt_bb_arrows_size_normal\" style=\"margin-left: auto; max-width: 700px;\"><div class=\"slick-slider fade\"  data-slick='{ \"lazyLoad\": \"progressive\", \"cssEase\": \"ease-out\", \"speed\": \"300\", \"fade\": true, \"adaptiveHeight\": true, \"prevArrow\": \"&lt;button type=\\\"button\\\" class=\\\"slick-prev\\\" aria-label=\\\"Previous\\\" tabindex=\\\"0\\\" role=\\\"button\\\"&gt;&lt;\/button&gt;\", \"nextArrow\": \"&lt;button type=\\\"button\\\" class=\\\"slick-next\\\" aria-label=\\\"Next\\\" tabindex=\\\"0\\\" role=\\\"button\\\"&gt;&lt;\/button&gt;\", \"autoplay\": true, \"autoplaySpeed\": 3500}' ><div class=\"bt_bb_slider_item\" data-src-full=\"https:\/\/www.demirmodel.com\/wp-content\/uploads\/2020\/10\/post_25.jpg\"><img decoding=\"async\" src=\"https:\/\/www.demirmodel.com\/wp-content\/uploads\/2020\/10\/post_25-1280x1280.jpg\" alt=\"\" ><\/div><div class=\"bt_bb_slider_item\" data-src-full=\"https:\/\/www.demirmodel.com\/wp-content\/uploads\/2020\/10\/post_29.jpg\"><img decoding=\"async\" src=\"https:\/\/www.demirmodel.com\/wp-content\/uploads\/2020\/10\/post_29-1280x1280.jpg\" alt=\"\" ><\/div><div class=\"bt_bb_slider_item\" data-src-full=\"https:\/\/www.demirmodel.com\/wp-content\/uploads\/2020\/10\/post_27.jpg\"><img decoding=\"async\" src=\"https:\/\/www.demirmodel.com\/wp-content\/uploads\/2020\/10\/post_27-1280x1280.jpg\" alt=\"\" ><\/div><\/div><\/div><\/div><\/div><\/div><div  class=\"bt_bb_column col-xxl-6 col-xl-6 bt_bb_vertical_align_middle bt_bb_align_left bt_bb_padding_70 bt_bb_animation_fade_in bt_bb_animation_zoom_out animate\"  data-width=\"6\" data-bt-override-class=\"{}\"><div class=\"bt_bb_column_content\"><div class=\"bt_bb_column_content_inner\"><div class=\"bt_bb_separator bt_bb_border_style_none bt_bb_bottom_spacing_60 bt_bb_hidden_md bt_bb_hidden_lg\" data-bt-override-class=\"null\"><\/div><header class=\"bt_bb_headline bt_bb_dash_top bt_bb_superheadline bt_bb_subheadline bt_bb_size_large bt_bb_align_inherit\" data-bt-override-class=\"null\"><div class=\"bt_bb_headline_superheadline_outside\"><span class=\"bt_bb_headline_superheadline\"><span>Makine Park\u0131 Hakk\u0131nda<\/span><\/span><\/div><h3><span class=\"bt_bb_headline_content\"><span>Machinery Park<\/span><\/span><\/h3><div class=\"bt_bb_headline_subheadline\">Distinctively re-engineer revolutionary meta-services and premium architectures. Intrinsically incubate intuitive opportunities and real-time potentialities.<\/div><\/header><div class=\"bt_bb_separator bt_bb_border_style_none bt_bb_bottom_spacing_40\" data-bt-override-class=\"null\"><\/div><div data-bb-version=\"4.8.8\" class=\"bt_bb_icon btFooterAlternateIcon bt_bb_style_borderless bt_bb_size_small bt_bb_shape_circle bt_bb_target_self bt_bb_align_inherit\" data-bt-override-class=\"{&quot;bt_bb_size_&quot;:{&quot;current_class&quot;:&quot;bt_bb_size_small&quot;,&quot;xxl&quot;:&quot;small&quot;},&quot;bt_bb_align_&quot;:{&quot;current_class&quot;:&quot;bt_bb_align_inherit&quot;,&quot;xxl&quot;:&quot;inherit&quot;}}\"><span  data-ico-fontawesome5regular=\"&#xf058;\" class=\"bt_bb_icon_holder\"><span>1 ADET EVIXSCAN OPT\u0130K TARAMA<\/span><\/span><\/div><div class=\"bt_bb_separator bt_bb_border_style_none bt_bb_bottom_spacing_10\" data-bt-override-class=\"null\"><\/div><div data-bb-version=\"4.8.8\" class=\"bt_bb_icon btFooterAlternateIcon bt_bb_style_borderless bt_bb_size_small bt_bb_shape_circle bt_bb_target_self bt_bb_align_inherit\" data-bt-override-class=\"{&quot;bt_bb_size_&quot;:{&quot;current_class&quot;:&quot;bt_bb_size_small&quot;,&quot;xxl&quot;:&quot;small&quot;},&quot;bt_bb_align_&quot;:{&quot;current_class&quot;:&quot;bt_bb_align_inherit&quot;,&quot;xxl&quot;:&quot;inherit&quot;}}\"><span  data-ico-fontawesome5regular=\"&#xf058;\" class=\"bt_bb_icon_holder\"><span>1 ADET K\u00d6RP\u00dcL\u00dc CNC D\u0130K \u0130\u015eLEME 3200X1700<\/span><\/span><\/div><div class=\"bt_bb_separator bt_bb_border_style_none bt_bb_bottom_spacing_10\" data-bt-override-class=\"null\"><\/div><div data-bb-version=\"4.8.8\" class=\"bt_bb_icon btFooterAlternateIcon bt_bb_style_borderless bt_bb_size_small bt_bb_shape_circle bt_bb_target_self bt_bb_align_inherit\" data-bt-override-class=\"{&quot;bt_bb_size_&quot;:{&quot;current_class&quot;:&quot;bt_bb_size_small&quot;,&quot;xxl&quot;:&quot;small&quot;},&quot;bt_bb_align_&quot;:{&quot;current_class&quot;:&quot;bt_bb_align_inherit&quot;,&quot;xxl&quot;:&quot;inherit&quot;}}\"><span  data-ico-fontawesome5regular=\"&#xf058;\" class=\"bt_bb_icon_holder\"><span>3 ADET C T\u0130P\u0130 CNC D\u0130K \u0130\u015eLEME 2000 X 850<\/span><\/span><\/div><div class=\"bt_bb_separator bt_bb_border_style_none bt_bb_bottom_spacing_10\" data-bt-override-class=\"null\"><\/div><div data-bb-version=\"4.8.8\" class=\"bt_bb_icon btFooterAlternateIcon bt_bb_style_borderless bt_bb_size_small bt_bb_shape_circle bt_bb_target_self bt_bb_align_inherit\" data-bt-override-class=\"{&quot;bt_bb_size_&quot;:{&quot;current_class&quot;:&quot;bt_bb_size_small&quot;,&quot;xxl&quot;:&quot;small&quot;},&quot;bt_bb_align_&quot;:{&quot;current_class&quot;:&quot;bt_bb_align_inherit&quot;,&quot;xxl&quot;:&quot;inherit&quot;}}\"><span  data-ico-fontawesome5regular=\"&#xf058;\" class=\"bt_bb_icon_holder\"><span>1 ADET C T\u0130P\u0130 CNC D\u0130K \u0130\u015eLEME 700 X 500<\/span><\/span><\/div><div class=\"bt_bb_separator bt_bb_border_style_none bt_bb_bottom_spacing_10\" data-bt-override-class=\"null\"><\/div><div data-bb-version=\"4.8.8\" class=\"bt_bb_icon btFooterAlternateIcon bt_bb_style_borderless bt_bb_size_small bt_bb_shape_circle bt_bb_target_self bt_bb_align_inherit\" data-bt-override-class=\"{&quot;bt_bb_size_&quot;:{&quot;current_class&quot;:&quot;bt_bb_size_small&quot;,&quot;xxl&quot;:&quot;small&quot;},&quot;bt_bb_align_&quot;:{&quot;current_class&quot;:&quot;bt_bb_align_inherit&quot;,&quot;xxl&quot;:&quot;inherit&quot;}}\"><span  data-ico-fontawesome5regular=\"&#xf058;\" class=\"bt_bb_icon_holder\"><span>2 ADET C T\u0130P\u0130 CNC D\u0130K \u0130\u015eLEME 1000 X 550<\/span><\/span><\/div><div class=\"bt_bb_separator bt_bb_border_style_none bt_bb_bottom_spacing_10\" data-bt-override-class=\"null\"><\/div><div data-bb-version=\"4.8.8\" class=\"bt_bb_icon btFooterAlternateIcon bt_bb_style_borderless bt_bb_size_small bt_bb_shape_circle bt_bb_target_self bt_bb_align_inherit\" data-bt-override-class=\"{&quot;bt_bb_size_&quot;:{&quot;current_class&quot;:&quot;bt_bb_size_small&quot;,&quot;xxl&quot;:&quot;small&quot;},&quot;bt_bb_align_&quot;:{&quot;current_class&quot;:&quot;bt_bb_align_inherit&quot;,&quot;xxl&quot;:&quot;inherit&quot;}}\"><span  data-ico-fontawesome5regular=\"&#xf058;\" class=\"bt_bb_icon_holder\"><span>1 ADET K\u00d6PR\u00dc T\u0130P\u0130 \u00dcN\u0130VERSAL FREZE 3000 X 1500<\/span><\/span><\/div><div class=\"bt_bb_separator bt_bb_border_style_none bt_bb_bottom_spacing_10\" data-bt-override-class=\"null\"><\/div><div data-bb-version=\"4.8.8\" class=\"bt_bb_icon btFooterAlternateIcon bt_bb_style_borderless bt_bb_size_small bt_bb_shape_circle bt_bb_target_self bt_bb_align_inherit\" data-bt-override-class=\"{&quot;bt_bb_size_&quot;:{&quot;current_class&quot;:&quot;bt_bb_size_small&quot;,&quot;xxl&quot;:&quot;small&quot;},&quot;bt_bb_align_&quot;:{&quot;current_class&quot;:&quot;bt_bb_align_inherit&quot;,&quot;xxl&quot;:&quot;inherit&quot;}}\"><span  data-ico-fontawesome5regular=\"&#xf058;\" class=\"bt_bb_icon_holder\"><span>2 ADET C T\u0130P\u0130 \u00dcN\u0130VERSAL FREZE 1000 X 400<\/span><\/span><\/div><div class=\"bt_bb_separator bt_bb_border_style_none bt_bb_bottom_spacing_10\" data-bt-override-class=\"null\"><\/div><div data-bb-version=\"4.8.8\" class=\"bt_bb_icon btFooterAlternateIcon bt_bb_style_borderless bt_bb_size_small bt_bb_shape_circle bt_bb_target_self bt_bb_align_inherit\" data-bt-override-class=\"{&quot;bt_bb_size_&quot;:{&quot;current_class&quot;:&quot;bt_bb_size_small&quot;,&quot;xxl&quot;:&quot;small&quot;},&quot;bt_bb_align_&quot;:{&quot;current_class&quot;:&quot;bt_bb_align_inherit&quot;,&quot;xxl&quot;:&quot;inherit&quot;}}\"><span  data-ico-fontawesome5regular=\"&#xf058;\" class=\"bt_bb_icon_holder\"><span>2 ADET \u00dcN\u0130VERSAL TORNA \u00d8250 X 1500<\/span><\/span><\/div><div class=\"bt_bb_separator bt_bb_border_style_none bt_bb_bottom_spacing_10\" data-bt-override-class=\"null\"><\/div><div data-bb-version=\"4.8.8\" class=\"bt_bb_icon btFooterAlternateIcon bt_bb_style_borderless bt_bb_size_small bt_bb_shape_circle bt_bb_target_self bt_bb_align_inherit\" data-bt-override-class=\"{&quot;bt_bb_size_&quot;:{&quot;current_class&quot;:&quot;bt_bb_size_small&quot;,&quot;xxl&quot;:&quot;small&quot;},&quot;bt_bb_align_&quot;:{&quot;current_class&quot;:&quot;bt_bb_align_inherit&quot;,&quot;xxl&quot;:&quot;inherit&quot;}}\"><span  data-ico-fontawesome5regular=\"&#xf058;\" class=\"bt_bb_icon_holder\"><span>3 ADET GEZER K\u00d6PR\u00dc V\u0130N\u00c7 5T,5T,10T<\/span><\/span><\/div><div class=\"bt_bb_separator bt_bb_border_style_none bt_bb_bottom_spacing_10\" data-bt-override-class=\"null\"><\/div><div data-bb-version=\"4.8.8\" class=\"bt_bb_icon btFooterAlternateIcon bt_bb_style_borderless bt_bb_size_small bt_bb_shape_circle bt_bb_target_self bt_bb_align_inherit\" data-bt-override-class=\"{&quot;bt_bb_size_&quot;:{&quot;current_class&quot;:&quot;bt_bb_size_small&quot;,&quot;xxl&quot;:&quot;small&quot;},&quot;bt_bb_align_&quot;:{&quot;current_class&quot;:&quot;bt_bb_align_inherit&quot;,&quot;xxl&quot;:&quot;inherit&quot;}}\"><span  data-ico-fontawesome5regular=\"&#xf058;\" class=\"bt_bb_icon_holder\"><span>1 EVIXSCAN 3D SCANNER<\/span><\/span><\/div><div class=\"bt_bb_separator bt_bb_border_style_none bt_bb_bottom_spacing_10\" data-bt-override-class=\"null\"><\/div><div data-bb-version=\"4.8.8\" class=\"bt_bb_icon btFooterAlternateIcon bt_bb_style_borderless bt_bb_size_small bt_bb_shape_circle bt_bb_target_self bt_bb_align_inherit\" data-bt-override-class=\"{&quot;bt_bb_size_&quot;:{&quot;current_class&quot;:&quot;bt_bb_size_small&quot;,&quot;xxl&quot;:&quot;small&quot;},&quot;bt_bb_align_&quot;:{&quot;current_class&quot;:&quot;bt_bb_align_inherit&quot;,&quot;xxl&quot;:&quot;inherit&quot;}}\"><span  data-ico-fontawesome5regular=\"&#xf058;\" class=\"bt_bb_icon_holder\"><span>1 DOUBLE COLUMB VERTICAL CNC MILLING MACHINE 3200X1700<\/span><\/span><\/div><div class=\"bt_bb_separator bt_bb_border_style_none bt_bb_bottom_spacing_10\" data-bt-override-class=\"null\"><\/div><div data-bb-version=\"4.8.8\" class=\"bt_bb_icon btFooterAlternateIcon bt_bb_style_borderless bt_bb_size_small bt_bb_shape_circle bt_bb_target_self bt_bb_align_inherit\" data-bt-override-class=\"{&quot;bt_bb_size_&quot;:{&quot;current_class&quot;:&quot;bt_bb_size_small&quot;,&quot;xxl&quot;:&quot;small&quot;},&quot;bt_bb_align_&quot;:{&quot;current_class&quot;:&quot;bt_bb_align_inherit&quot;,&quot;xxl&quot;:&quot;inherit&quot;}}\"><span  data-ico-fontawesome5regular=\"&#xf058;\" class=\"bt_bb_icon_holder\"><span>3 C TYPE VERTICAL CNC MILLING MACHINE 2000 X 850<\/span><\/span><\/div><div class=\"bt_bb_separator bt_bb_border_style_none bt_bb_bottom_spacing_10\" data-bt-override-class=\"null\"><\/div><div data-bb-version=\"4.8.8\" class=\"bt_bb_icon btFooterAlternateIcon bt_bb_style_borderless bt_bb_size_small bt_bb_shape_circle bt_bb_target_self bt_bb_align_inherit\" data-bt-override-class=\"{&quot;bt_bb_size_&quot;:{&quot;current_class&quot;:&quot;bt_bb_size_small&quot;,&quot;xxl&quot;:&quot;small&quot;},&quot;bt_bb_align_&quot;:{&quot;current_class&quot;:&quot;bt_bb_align_inherit&quot;,&quot;xxl&quot;:&quot;inherit&quot;}}\"><span  data-ico-fontawesome5regular=\"&#xf058;\" class=\"bt_bb_icon_holder\"><span>1 C TYPE VERTICAL CNC MILLING MACHINE 700 X 500<\/span><\/span><\/div><div class=\"bt_bb_separator bt_bb_border_style_none bt_bb_bottom_spacing_10\" data-bt-override-class=\"null\"><\/div><div data-bb-version=\"4.8.8\" class=\"bt_bb_icon btFooterAlternateIcon bt_bb_style_borderless bt_bb_size_small bt_bb_shape_circle bt_bb_target_self bt_bb_align_inherit\" data-bt-override-class=\"{&quot;bt_bb_size_&quot;:{&quot;current_class&quot;:&quot;bt_bb_size_small&quot;,&quot;xxl&quot;:&quot;small&quot;},&quot;bt_bb_align_&quot;:{&quot;current_class&quot;:&quot;bt_bb_align_inherit&quot;,&quot;xxl&quot;:&quot;inherit&quot;}}\"><span  data-ico-fontawesome5regular=\"&#xf058;\" class=\"bt_bb_icon_holder\"><span>2 C TYPE VERTICAL CNC MILLING MACHINE 1000 X 550<\/span><\/span><\/div><div class=\"bt_bb_separator bt_bb_border_style_none bt_bb_bottom_spacing_10\" data-bt-override-class=\"null\"><\/div><div data-bb-version=\"4.8.8\" class=\"bt_bb_icon btFooterAlternateIcon bt_bb_style_borderless bt_bb_size_small bt_bb_shape_circle bt_bb_target_self bt_bb_align_inherit\" data-bt-override-class=\"{&quot;bt_bb_size_&quot;:{&quot;current_class&quot;:&quot;bt_bb_size_small&quot;,&quot;xxl&quot;:&quot;small&quot;},&quot;bt_bb_align_&quot;:{&quot;current_class&quot;:&quot;bt_bb_align_inherit&quot;,&quot;xxl&quot;:&quot;inherit&quot;}}\"><span  data-ico-fontawesome5regular=\"&#xf058;\" class=\"bt_bb_icon_holder\"><span>1 DOUBLE COLUMB VERTICAL MILLING MACHINE 3000 X 1500<\/span><\/span><\/div><div class=\"bt_bb_separator bt_bb_border_style_none bt_bb_bottom_spacing_10\" data-bt-override-class=\"null\"><\/div><div data-bb-version=\"4.8.8\" class=\"bt_bb_icon btFooterAlternateIcon bt_bb_style_borderless bt_bb_size_small bt_bb_shape_circle bt_bb_target_self bt_bb_align_inherit\" data-bt-override-class=\"{&quot;bt_bb_size_&quot;:{&quot;current_class&quot;:&quot;bt_bb_size_small&quot;,&quot;xxl&quot;:&quot;small&quot;},&quot;bt_bb_align_&quot;:{&quot;current_class&quot;:&quot;bt_bb_align_inherit&quot;,&quot;xxl&quot;:&quot;inherit&quot;}}\"><span  data-ico-fontawesome5regular=\"&#xf058;\" class=\"bt_bb_icon_holder\"><span>2 C TYPE VERTICAL MILLING MACHINE 1000 X 400<\/span><\/span><\/div><div class=\"bt_bb_separator bt_bb_border_style_none bt_bb_bottom_spacing_10\" data-bt-override-class=\"null\"><\/div><div data-bb-version=\"4.8.8\" class=\"bt_bb_icon btFooterAlternateIcon bt_bb_style_borderless bt_bb_size_small bt_bb_shape_circle bt_bb_target_self bt_bb_align_inherit\" data-bt-override-class=\"{&quot;bt_bb_size_&quot;:{&quot;current_class&quot;:&quot;bt_bb_size_small&quot;,&quot;xxl&quot;:&quot;small&quot;},&quot;bt_bb_align_&quot;:{&quot;current_class&quot;:&quot;bt_bb_align_inherit&quot;,&quot;xxl&quot;:&quot;inherit&quot;}}\"><span  data-ico-fontawesome5regular=\"&#xf058;\" class=\"bt_bb_icon_holder\"><span>1 TORN \u00d8250 X 1500<\/span><\/span><\/div><div class=\"bt_bb_separator bt_bb_border_style_none bt_bb_bottom_spacing_10\" data-bt-override-class=\"null\"><\/div><div data-bb-version=\"4.8.8\" class=\"bt_bb_icon btFooterAlternateIcon bt_bb_style_borderless bt_bb_size_small bt_bb_shape_circle bt_bb_target_self bt_bb_align_inherit\" data-bt-override-class=\"{&quot;bt_bb_size_&quot;:{&quot;current_class&quot;:&quot;bt_bb_size_small&quot;,&quot;xxl&quot;:&quot;small&quot;},&quot;bt_bb_align_&quot;:{&quot;current_class&quot;:&quot;bt_bb_align_inherit&quot;,&quot;xxl&quot;:&quot;inherit&quot;}}\"><span  data-ico-fontawesome5regular=\"&#xf058;\" class=\"bt_bb_icon_holder\"><span>3 CRANES 5T,5T,10T<\/span><\/span><\/div><\/div><\/div><\/div><\/div><\/div><\/div><!-- cell_inner --><\/div><!-- cell --><\/div><!-- port --><\/section>","protected":false},"excerpt":{"rendered":"<p>Proactively envisioned multimedia based expertise and cross-media growth strategies. Seamlessly visualize quality intellectual capital without superior collaboration and idea-sharing. Holistically pontificate installed base portal products.<\/p>","protected":false},"author":2,"featured_media":595,"parent":440,"menu_order":0,"comment_status":"closed","ping_status":"closed","template":"","meta":{"footnotes":""},"class_list":["post-516","page","type-page","status-publish","has-post-thumbnail","hentry"],"_links":{"self":[{"href":"https:\/\/www.demirmodel.com\/en\/wp-json\/wp\/v2\/pages\/516","targetHints":{"allow":["GET"]}}],"collection":[{"href":"https:\/\/www.demirmodel.com\/en\/wp-json\/wp\/v2\/pages"}],"about":[{"href":"https:\/\/www.demirmodel.com\/en\/wp-json\/wp\/v2\/types\/page"}],"author":[{"embeddable":true,"href":"https:\/\/www.demirmodel.com\/en\/wp-json\/wp\/v2\/users\/2"}],"replies":[{"embeddable":true,"href":"https:\/\/www.demirmodel.com\/en\/wp-json\/wp\/v2\/comments?post=516"}],"version-history":[{"count":9,"href":"https:\/\/www.demirmodel.com\/en\/wp-json\/wp\/v2\/pages\/516\/revisions"}],"predecessor-version":[{"id":1402,"href":"https:\/\/www.demirmodel.com\/en\/wp-json\/wp\/v2\/pages\/516\/revisions\/1402"}],"up":[{"embeddable":true,"href":"https:\/\/www.demirmodel.com\/en\/wp-json\/wp\/v2\/pages\/440"}],"wp:featuredmedia":[{"embeddable":true,"href":"https:\/\/www.demirmodel.com\/en\/wp-json\/wp\/v2\/media\/595"}],"wp:attachment":[{"href":"https:\/\/www.demirmodel.com\/en\/wp-json\/wp\/v2\/media?parent=516"}],"curies":[{"name":"wp","href":"https:\/\/api.w.org\/{rel}","templated":true}]}}