{"id":456,"date":"2020-10-26T12:20:12","date_gmt":"2020-10-26T12:20:12","guid":{"rendered":"http:\/\/amwerk.bold-themes.com\/berlin\/?page_id=456"},"modified":"2024-04-16T10:00:29","modified_gmt":"2024-04-16T10:00:29","slug":"referanslarimiz","status":"publish","type":"page","link":"https:\/\/www.demirmodel.com\/en\/referanslarimiz\/","title":{"rendered":"Our references"},"content":{"rendered":"<section id=\"bt_bb_section69f59ae48d7cd\" class=\"bt_bb_section bt_bb_layout_boxed_1200 bt_bb_vertical_align_top bt_bb_top_spacing_100 bt_bb_bottom_spacing_80\" style=\";background-color:#f1f1f1;\" data-bt-override-class=\"null\"><div class=\"bt_bb_port\"><div class=\"bt_bb_cell\"><div class=\"bt_bb_cell_inner\"><div class=\"bt_bb_row_wrapper\"><div  class=\"bt_bb_row\"  data-bt-override-class=\"{}\"><div  class=\"bt_bb_column col-xxl-6 col-xl-6 bt_bb_vertical_align_top bt_bb_align_left bt_bb_padding_normal bt_bb_animation_fade_in animate\"  data-width=\"6\" data-bt-override-class=\"{}\"><div class=\"bt_bb_column_content\"><div class=\"bt_bb_column_content_inner\"><header data-bb-version=\"4.8.8\" class=\"bt_bb_headline bt_bb_dash_top bt_bb_superheadline bt_bb_subheadline bt_bb_size_large bt_bb_align_inherit\" data-bt-override-class=\"{&quot;bt_bb_size_&quot;:{&quot;current_class&quot;:&quot;bt_bb_size_large&quot;,&quot;xxl&quot;:&quot;large&quot;},&quot;bt_bb_align_&quot;:{&quot;current_class&quot;:&quot;bt_bb_align_inherit&quot;,&quot;xxl&quot;:&quot;inherit&quot;}}\"><h1><span class=\"bt_bb_headline_superheadline\"><span>Bizimle \u00e7al\u0131\u015fanlar<\/span><\/span><span class=\"bt_bb_headline_content\"><span>Our references<span class=\"bt_bb_outline_text bt_bb_outline_text_align_left bt_bb_outline_text_size_300\"><span>Referans<\/span><\/span><\/span><\/span><\/h1><div class=\"bt_bb_headline_subheadline\">There is no greater benchmark for success than customer satisfaction. Over the years, we\u2019ve built a culture of service, teamwork, and innovation. In addition, Amwerk is dedicated to helping our local communities. <\/div><\/header><div class=\"bt_bb_separator bt_bb_border_style_none bt_bb_bottom_spacing_40\" data-bt-override-class=\"null\"><\/div><\/div><\/div><\/div><div  class=\"bt_bb_column col-xxl-6 col-xl-6 bt_bb_vertical_align_top bt_bb_align_left bt_bb_padding_normal\"  data-width=\"6\" data-bt-override-class=\"{}\"><div class=\"bt_bb_column_content\"><div class=\"bt_bb_column_content_inner\"><\/div><\/div><\/div><\/div><\/div><div class=\"bt_bb_row_wrapper\"><div  class=\"bt_bb_row\"  data-bt-override-class=\"{}\"><div  class=\"bt_bb_column col-xxl-12 col-xl-12 bt_bb_vertical_align_top bt_bb_align_left bt_bb_padding_normal bt_bb_animation_fade_in bt_bb_animation_move_up animate\"  data-width=\"12\" data-bt-override-class=\"{}\"><div class=\"bt_bb_column_content\"><div class=\"bt_bb_column_content_inner\"><div class=\"bt_bb_separator bt_bb_border_style_none bt_bb_bottom_spacing_40\" data-bt-override-class=\"null\"><\/div><div data-bb-version=\"4.8.8\" class=\"bt_bb_slider bt_bb_height_auto bt_bb_multiple_slides bt_bb_multiple_slides bt_bb_animation_slide animate bt_bb_overflow_no bt_bb_thick_line_no bt_bb_active_dot_accent bt_bb_inactive_dot_transparent_dark_font bt_bb_slider_arrows_dark_font_light_bg bt_bb_arrows_size_hide\"><div class=\"slick-slider\"  data-slick='{ \"lazyLoad\": \"progressive\", \"cssEase\": \"ease-out\", \"speed\": \"300\", \"adaptiveHeight\": true, \"prevArrow\": \"\", \"nextArrow\": \"\",\"slidesToShow\": 6, \"autoplay\": true, \"autoplaySpeed\": 3000,\"slidesToShow\": 6, \"responsive\": [{ \"breakpoint\": 480, \"settings\": { \"slidesToShow\": 1, \"slidesToScroll\": 1 } },{ \"breakpoint\": 768, \"settings\": { \"slidesToShow\": 2, \"slidesToScroll\": 2 } },{ \"breakpoint\": 992, \"settings\": { \"slidesToShow\": 3, \"slidesToScroll\": 3 } },{ \"breakpoint\": 1200, \"settings\": { \"slidesToShow\": 6, \"slidesToScroll\": 6 } },{ \"breakpoint\": 1400, \"settings\": { \"slidesToShow\": 6, \"slidesToScroll\": 6 } }]}' ><div class=\"bt_bb_slider_item\" data-src-full=\"https:\/\/www.demirmodel.com\/wp-content\/uploads\/2024\/03\/asd.png\"><img decoding=\"async\" src=\"https:\/\/www.demirmodel.com\/wp-content\/uploads\/2024\/03\/asd.png\" alt=\"asd\"  title=\"asd\"><\/div><div class=\"bt_bb_slider_item\" data-src-full=\"https:\/\/www.demirmodel.com\/wp-content\/uploads\/2024\/03\/sadzxf.png\"><img decoding=\"async\" src=\"https:\/\/www.demirmodel.com\/wp-content\/uploads\/2024\/03\/sadzxf.png\" alt=\"sadzxf\"  title=\"sadzxf\"><\/div><div class=\"bt_bb_slider_item\" data-src-full=\"https:\/\/www.demirmodel.com\/wp-content\/uploads\/2024\/03\/adasd.png\"><img decoding=\"async\" src=\"https:\/\/www.demirmodel.com\/wp-content\/uploads\/2024\/03\/adasd.png\" alt=\"adasd\"  title=\"adasd\"><\/div><div class=\"bt_bb_slider_item\" data-src-full=\"https:\/\/www.demirmodel.com\/wp-content\/uploads\/2024\/03\/r.png\"><img decoding=\"async\" src=\"https:\/\/www.demirmodel.com\/wp-content\/uploads\/2024\/03\/r.png\" alt=\"r\"  title=\"r\"><\/div><div class=\"bt_bb_slider_item\" data-src-full=\"https:\/\/www.demirmodel.com\/wp-content\/uploads\/2024\/03\/rtyrty.png\"><img decoding=\"async\" src=\"https:\/\/www.demirmodel.com\/wp-content\/uploads\/2024\/03\/rtyrty.png\" alt=\"rtyrty\"  title=\"rtyrty\"><\/div><\/div><\/div><div class=\"bt_bb_separator bt_bb_border_style_none bt_bb_bottom_spacing_40\" data-bt-override-class=\"null\"><\/div><div data-bb-version=\"4.8.8\" class=\"bt_bb_slider bt_bb_height_auto bt_bb_multiple_slides bt_bb_multiple_slides bt_bb_animation_slide animate bt_bb_overflow_no bt_bb_thick_line_no bt_bb_active_dot_accent bt_bb_inactive_dot_transparent_dark_font bt_bb_slider_arrows_dark_font_light_bg bt_bb_arrows_size_hide\"><div class=\"slick-slider\"  data-slick='{ \"lazyLoad\": \"progressive\", \"cssEase\": \"ease-out\", \"speed\": \"300\", \"adaptiveHeight\": true, \"prevArrow\": \"\", \"nextArrow\": \"\",\"slidesToShow\": 6, \"autoplay\": true, \"autoplaySpeed\": 3000,\"slidesToShow\": 6, \"responsive\": [{ \"breakpoint\": 480, \"settings\": { \"slidesToShow\": 1, \"slidesToScroll\": 1 } },{ \"breakpoint\": 768, \"settings\": { \"slidesToShow\": 2, \"slidesToScroll\": 2 } },{ \"breakpoint\": 992, \"settings\": { \"slidesToShow\": 3, \"slidesToScroll\": 3 } },{ \"breakpoint\": 1200, \"settings\": { \"slidesToShow\": 6, \"slidesToScroll\": 6 } },{ \"breakpoint\": 1400, \"settings\": { \"slidesToShow\": 6, \"slidesToScroll\": 6 } }]}' ><div class=\"bt_bb_slider_item\" data-src-full=\"https:\/\/www.demirmodel.com\/wp-content\/uploads\/2024\/04\/Adsiz-tasarim.png\"><img decoding=\"async\" src=\"https:\/\/www.demirmodel.com\/wp-content\/uploads\/2024\/04\/Adsiz-tasarim.png\" alt=\"Ads\u0131z tasar\u0131m\"  title=\"Ads\u0131z tasar\u0131m\"><\/div><div class=\"bt_bb_slider_item\" data-src-full=\"https:\/\/www.demirmodel.com\/wp-content\/uploads\/2024\/04\/sdaf.png\"><img decoding=\"async\" src=\"https:\/\/www.demirmodel.com\/wp-content\/uploads\/2024\/04\/sdaf.png\" alt=\"sdaf\"  title=\"sdaf\"><\/div><div class=\"bt_bb_slider_item\" data-src-full=\"https:\/\/www.demirmodel.com\/wp-content\/uploads\/2024\/04\/vbnvbn.png\"><img decoding=\"async\" src=\"https:\/\/www.demirmodel.com\/wp-content\/uploads\/2024\/04\/vbnvbn.png\" alt=\"vbnvbn\"  title=\"vbnvbn\"><\/div><div class=\"bt_bb_slider_item\" data-src-full=\"https:\/\/www.demirmodel.com\/wp-content\/uploads\/2024\/04\/vcbvbc.png\"><img decoding=\"async\" src=\"https:\/\/www.demirmodel.com\/wp-content\/uploads\/2024\/04\/vcbvbc.png\" alt=\"vcbvbc\"  title=\"vcbvbc\"><\/div><div class=\"bt_bb_slider_item\" data-src-full=\"https:\/\/www.demirmodel.com\/wp-content\/uploads\/2024\/04\/cvb.png\"><img decoding=\"async\" src=\"https:\/\/www.demirmodel.com\/wp-content\/uploads\/2024\/04\/cvb.png\" alt=\"cvb\"  title=\"cvb\"><\/div><\/div><\/div><div class=\"bt_bb_separator bt_bb_border_style_none bt_bb_bottom_spacing_40\" data-bt-override-class=\"null\"><\/div><div data-bb-version=\"4.8.8\" class=\"bt_bb_slider bt_bb_height_auto bt_bb_multiple_slides bt_bb_multiple_slides bt_bb_animation_slide animate bt_bb_overflow_no bt_bb_thick_line_no bt_bb_active_dot_accent bt_bb_inactive_dot_transparent_dark_font bt_bb_slider_arrows_dark_font_light_bg bt_bb_arrows_size_hide\"><div class=\"slick-slider\"  data-slick='{ \"lazyLoad\": \"progressive\", \"cssEase\": \"ease-out\", \"speed\": \"300\", \"adaptiveHeight\": true, \"prevArrow\": \"\", \"nextArrow\": \"\",\"slidesToShow\": 6, \"autoplay\": true, \"autoplaySpeed\": 3000,\"slidesToShow\": 6, \"responsive\": [{ \"breakpoint\": 480, \"settings\": { \"slidesToShow\": 1, \"slidesToScroll\": 1 } },{ \"breakpoint\": 768, \"settings\": { \"slidesToShow\": 2, \"slidesToScroll\": 2 } },{ \"breakpoint\": 992, \"settings\": { \"slidesToShow\": 3, \"slidesToScroll\": 3 } },{ \"breakpoint\": 1200, \"settings\": { \"slidesToShow\": 6, \"slidesToScroll\": 6 } },{ \"breakpoint\": 1400, \"settings\": { \"slidesToShow\": 6, \"slidesToScroll\": 6 } }]}' ><div class=\"bt_bb_slider_item\" data-src-full=\"https:\/\/www.demirmodel.com\/wp-content\/uploads\/2024\/04\/x.png\"><img decoding=\"async\" src=\"https:\/\/www.demirmodel.com\/wp-content\/uploads\/2024\/04\/x.png\" alt=\"x\"  title=\"x\"><\/div><div class=\"bt_bb_slider_item\" data-src-full=\"https:\/\/www.demirmodel.com\/wp-content\/uploads\/2024\/04\/lsi.png\"><img decoding=\"async\" src=\"https:\/\/www.demirmodel.com\/wp-content\/uploads\/2024\/04\/lsi.png\" alt=\"ls\u0327i\"  title=\"ls\u0327i\"><\/div><div class=\"bt_bb_slider_item\" data-src-full=\"https:\/\/www.demirmodel.com\/wp-content\/uploads\/2024\/04\/fgyht.png\"><img decoding=\"async\" src=\"https:\/\/www.demirmodel.com\/wp-content\/uploads\/2024\/04\/fgyht.png\" alt=\"fgyht\"  title=\"fgyht\"><\/div><div class=\"bt_bb_slider_item\" data-src-full=\"https:\/\/www.demirmodel.com\/wp-content\/uploads\/2024\/04\/vbnvbnpng.png\"><img decoding=\"async\" src=\"https:\/\/www.demirmodel.com\/wp-content\/uploads\/2024\/04\/vbnvbnpng.png\" alt=\"vbnvbnpng\"  title=\"vbnvbnpng\"><\/div><div class=\"bt_bb_slider_item\" data-src-full=\"https:\/\/www.demirmodel.com\/wp-content\/uploads\/2024\/04\/xcbvvbn.png\"><img decoding=\"async\" src=\"https:\/\/www.demirmodel.com\/wp-content\/uploads\/2024\/04\/xcbvvbn.png\" alt=\"xcbvvbn\"  title=\"xcbvvbn\"><\/div><\/div><\/div><div class=\"bt_bb_separator bt_bb_border_style_none bt_bb_bottom_spacing_40\" data-bt-override-class=\"null\"><\/div><div data-bb-version=\"4.8.8\" class=\"bt_bb_slider bt_bb_height_auto bt_bb_multiple_slides bt_bb_multiple_slides bt_bb_animation_slide animate bt_bb_overflow_no bt_bb_thick_line_no bt_bb_active_dot_accent bt_bb_inactive_dot_transparent_dark_font bt_bb_slider_arrows_dark_font_light_bg bt_bb_arrows_size_hide\"><div class=\"slick-slider\"  data-slick='{ \"lazyLoad\": \"progressive\", \"cssEase\": \"ease-out\", \"speed\": \"300\", \"adaptiveHeight\": true, \"prevArrow\": \"\", \"nextArrow\": \"\",\"slidesToShow\": 6, \"autoplay\": true, \"autoplaySpeed\": 3000,\"slidesToShow\": 6, \"responsive\": [{ \"breakpoint\": 480, \"settings\": { \"slidesToShow\": 1, \"slidesToScroll\": 1 } },{ \"breakpoint\": 768, \"settings\": { \"slidesToShow\": 2, \"slidesToScroll\": 2 } },{ \"breakpoint\": 992, \"settings\": { \"slidesToShow\": 3, \"slidesToScroll\": 3 } },{ \"breakpoint\": 1200, \"settings\": { \"slidesToShow\": 6, \"slidesToScroll\": 6 } },{ \"breakpoint\": 1400, \"settings\": { \"slidesToShow\": 6, \"slidesToScroll\": 6 } }]}' ><div class=\"bt_bb_slider_item\" data-src-full=\"https:\/\/www.demirmodel.com\/wp-content\/uploads\/2024\/04\/qwe.png\"><img decoding=\"async\" src=\"https:\/\/www.demirmodel.com\/wp-content\/uploads\/2024\/04\/qwe.png\" alt=\"qwe\"  title=\"qwe\"><\/div><div class=\"bt_bb_slider_item\" data-src-full=\"https:\/\/www.demirmodel.com\/wp-content\/uploads\/2024\/04\/wowowoow.png\"><img decoding=\"async\" src=\"https:\/\/www.demirmodel.com\/wp-content\/uploads\/2024\/04\/wowowoow.png\" alt=\"wowowoow\"  title=\"wowowoow\"><\/div><div class=\"bt_bb_slider_item\" data-src-full=\"https:\/\/www.demirmodel.com\/wp-content\/uploads\/2024\/04\/ooo.png\"><img decoding=\"async\" src=\"https:\/\/www.demirmodel.com\/wp-content\/uploads\/2024\/04\/ooo.png\" alt=\"ooo\"  title=\"ooo\"><\/div><div class=\"bt_bb_slider_item\" data-src-full=\"https:\/\/www.demirmodel.com\/wp-content\/uploads\/2024\/04\/cvbvbmnvbn.png\"><img decoding=\"async\" src=\"https:\/\/www.demirmodel.com\/wp-content\/uploads\/2024\/04\/cvbvbmnvbn.png\" alt=\"cvbvbmnvbn\"  title=\"cvbvbmnvbn\"><\/div><div class=\"bt_bb_slider_item\" data-src-full=\"https:\/\/www.demirmodel.com\/wp-content\/uploads\/2024\/04\/mertt.png\"><img decoding=\"async\" src=\"https:\/\/www.demirmodel.com\/wp-content\/uploads\/2024\/04\/mertt.png\" alt=\"mertt\"  title=\"mertt\"><\/div><\/div><\/div><div class=\"bt_bb_separator bt_bb_border_style_none bt_bb_bottom_spacing_40\" data-bt-override-class=\"null\"><\/div><div data-bb-version=\"4.8.8\" class=\"bt_bb_slider bt_bb_height_auto bt_bb_multiple_slides bt_bb_multiple_slides bt_bb_animation_slide animate bt_bb_overflow_no bt_bb_thick_line_no bt_bb_active_dot_accent bt_bb_inactive_dot_transparent_dark_font bt_bb_slider_arrows_dark_font_light_bg bt_bb_arrows_size_hide\"><div class=\"slick-slider\"  data-slick='{ \"lazyLoad\": \"progressive\", \"cssEase\": \"ease-out\", \"speed\": \"300\", \"adaptiveHeight\": true, \"prevArrow\": \"\", \"nextArrow\": \"\",\"slidesToShow\": 6, \"autoplay\": true, \"autoplaySpeed\": 3000,\"slidesToShow\": 6, \"responsive\": [{ \"breakpoint\": 480, \"settings\": { \"slidesToShow\": 1, \"slidesToScroll\": 1 } },{ \"breakpoint\": 768, \"settings\": { \"slidesToShow\": 2, \"slidesToScroll\": 2 } },{ \"breakpoint\": 992, \"settings\": { \"slidesToShow\": 3, \"slidesToScroll\": 3 } },{ \"breakpoint\": 1200, \"settings\": { \"slidesToShow\": 6, \"slidesToScroll\": 6 } },{ \"breakpoint\": 1400, \"settings\": { \"slidesToShow\": 6, \"slidesToScroll\": 6 } }]}' ><div class=\"bt_bb_slider_item\" data-src-full=\"https:\/\/www.demirmodel.com\/wp-content\/uploads\/2024\/04\/kmkmk.png\"><img decoding=\"async\" src=\"https:\/\/www.demirmodel.com\/wp-content\/uploads\/2024\/04\/kmkmk.png\" alt=\"kmkmk\"  title=\"kmkmk\"><\/div><div class=\"bt_bb_slider_item\" data-src-full=\"https:\/\/www.demirmodel.com\/wp-content\/uploads\/2024\/04\/bjhkbhj.png\"><img decoding=\"async\" src=\"https:\/\/www.demirmodel.com\/wp-content\/uploads\/2024\/04\/bjhkbhj.png\" alt=\"bjhkbhj\"  title=\"bjhkbhj\"><\/div><div class=\"bt_bb_slider_item\" data-src-full=\"https:\/\/www.demirmodel.com\/wp-content\/uploads\/2024\/04\/oooo.png\"><img decoding=\"async\" src=\"https:\/\/www.demirmodel.com\/wp-content\/uploads\/2024\/04\/oooo.png\" alt=\"o\u0308o\u0308o\u0308o\u0308\"  title=\"o\u0308o\u0308o\u0308o\u0308\"><\/div><div class=\"bt_bb_slider_item\" data-src-full=\"https:\/\/www.demirmodel.com\/wp-content\/uploads\/2024\/04\/iii.png\"><img decoding=\"async\" src=\"https:\/\/www.demirmodel.com\/wp-content\/uploads\/2024\/04\/iii.png\" alt=\"iii\"  title=\"iii\"><\/div><div class=\"bt_bb_slider_item\" data-src-full=\"https:\/\/www.demirmodel.com\/wp-content\/uploads\/2024\/04\/zxcvzxvasd.png\"><img decoding=\"async\" src=\"https:\/\/www.demirmodel.com\/wp-content\/uploads\/2024\/04\/zxcvzxvasd.png\" alt=\"zxcvzxvasd\"  title=\"zxcvzxvasd\"><\/div><\/div><\/div><div class=\"bt_bb_separator bt_bb_border_style_none bt_bb_bottom_spacing_40\" data-bt-override-class=\"null\"><\/div><div data-bb-version=\"4.8.8\" class=\"bt_bb_slider bt_bb_height_auto bt_bb_multiple_slides bt_bb_multiple_slides bt_bb_animation_slide animate bt_bb_overflow_no bt_bb_thick_line_no bt_bb_active_dot_accent bt_bb_inactive_dot_transparent_dark_font bt_bb_slider_arrows_dark_font_light_bg bt_bb_arrows_size_hide\"><div class=\"slick-slider\"  data-slick='{ \"lazyLoad\": \"progressive\", \"cssEase\": \"ease-out\", \"speed\": \"300\", \"adaptiveHeight\": true, \"prevArrow\": \"\", \"nextArrow\": \"\",\"slidesToShow\": 6, \"autoplay\": true, \"autoplaySpeed\": 3000,\"slidesToShow\": 6, \"responsive\": [{ \"breakpoint\": 480, \"settings\": { \"slidesToShow\": 1, \"slidesToScroll\": 1 } },{ \"breakpoint\": 768, \"settings\": { \"slidesToShow\": 2, \"slidesToScroll\": 2 } },{ \"breakpoint\": 992, \"settings\": { \"slidesToShow\": 3, \"slidesToScroll\": 3 } },{ \"breakpoint\": 1200, \"settings\": { \"slidesToShow\": 6, \"slidesToScroll\": 6 } },{ \"breakpoint\": 1400, \"settings\": { \"slidesToShow\": 6, \"slidesToScroll\": 6 } }]}' ><div class=\"bt_bb_slider_item\" data-src-full=\"https:\/\/www.demirmodel.com\/wp-content\/uploads\/2024\/04\/lkjmnmnlk.png\"><img decoding=\"async\" src=\"https:\/\/www.demirmodel.com\/wp-content\/uploads\/2024\/04\/lkjmnmnlk.png\" alt=\"lkjmnmnlk\"  title=\"lkjmnmnlk\"><\/div><div class=\"bt_bb_slider_item\" data-src-full=\"https:\/\/www.demirmodel.com\/wp-content\/uploads\/2024\/04\/sen.png\"><img decoding=\"async\" src=\"https:\/\/www.demirmodel.com\/wp-content\/uploads\/2024\/04\/sen.png\" alt=\"sen\"  title=\"sen\"><\/div><div class=\"bt_bb_slider_item\" data-src-full=\"https:\/\/www.demirmodel.com\/wp-content\/uploads\/2024\/04\/sadfd.png\"><img decoding=\"async\" src=\"https:\/\/www.demirmodel.com\/wp-content\/uploads\/2024\/04\/sadfd.png\" alt=\"sadfd\"  title=\"sadfd\"><\/div><\/div><\/div><div class=\"bt_bb_separator bt_bb_border_style_none bt_bb_bottom_spacing_40\" data-bt-override-class=\"null\"><\/div><\/div><\/div><\/div><\/div><\/div><\/div><!-- cell_inner --><\/div><!-- cell --><\/div><!-- port --><\/section>","protected":false},"excerpt":{"rendered":"<p>Distinctively exploit optimal alignments for intuitive bandwidth. Quickly coordinate e-business applications through revolutionary catalysts for change. Seamlessly underwhelm optimal testing procedures whereas bricks-and-clicks processes.<\/p>","protected":false},"author":2,"featured_media":588,"parent":0,"menu_order":0,"comment_status":"closed","ping_status":"closed","template":"","meta":{"footnotes":""},"class_list":["post-456","page","type-page","status-publish","has-post-thumbnail","hentry"],"_links":{"self":[{"href":"https:\/\/www.demirmodel.com\/en\/wp-json\/wp\/v2\/pages\/456","targetHints":{"allow":["GET"]}}],"collection":[{"href":"https:\/\/www.demirmodel.com\/en\/wp-json\/wp\/v2\/pages"}],"about":[{"href":"https:\/\/www.demirmodel.com\/en\/wp-json\/wp\/v2\/types\/page"}],"author":[{"embeddable":true,"href":"https:\/\/www.demirmodel.com\/en\/wp-json\/wp\/v2\/users\/2"}],"replies":[{"embeddable":true,"href":"https:\/\/www.demirmodel.com\/en\/wp-json\/wp\/v2\/comments?post=456"}],"version-history":[{"count":20,"href":"https:\/\/www.demirmodel.com\/en\/wp-json\/wp\/v2\/pages\/456\/revisions"}],"predecessor-version":[{"id":1442,"href":"https:\/\/www.demirmodel.com\/en\/wp-json\/wp\/v2\/pages\/456\/revisions\/1442"}],"wp:featuredmedia":[{"embeddable":true,"href":"https:\/\/www.demirmodel.com\/en\/wp-json\/wp\/v2\/media\/588"}],"wp:attachment":[{"href":"https:\/\/www.demirmodel.com\/en\/wp-json\/wp\/v2\/media?parent=456"}],"curies":[{"name":"wp","href":"https:\/\/api.w.org\/{rel}","templated":true}]}}