{"id":448,"date":"2020-10-26T12:19:38","date_gmt":"2020-10-26T12:19:38","guid":{"rendered":"http:\/\/amwerk.bold-themes.com\/berlin\/?page_id=448"},"modified":"2025-11-15T17:37:01","modified_gmt":"2025-11-15T17:37:01","slug":"iletisim","status":"publish","type":"page","link":"https:\/\/www.demirmodel.com\/en\/iletisim\/","title":{"rendered":"Communication"},"content":{"rendered":"<section id=\"bt_bb_section69f532c45a312\" class=\"bt_bb_section bt_bb_layout_boxed_1200 bt_bb_vertical_align_top bt_bb_top_spacing_100 bt_bb_bottom_spacing_100\"  data-bt-override-class=\"null\"><div class=\"bt_bb_port\"><div class=\"bt_bb_cell\"><div class=\"bt_bb_cell_inner\"><div class=\"bt_bb_row_wrapper\"><div  class=\"bt_bb_row\"  data-bt-override-class=\"{}\"><div  class=\"bt_bb_column col-xxl-6 col-xl-6 bt_bb_vertical_align_top bt_bb_align_left bt_bb_padding_40 bt_bb_animation_fade_in bt_bb_animation_zoom_out animate inner_column_border_radius_15\" style=\"position: relative;\" data-width=\"6\" data-bt-override-class=\"{}\"><div class=\"bt_bb_column_content\" style=\"background-color:rgba(241, 241, 241, 1);\"><div class=\"bt_bb_column_content_inner\"><div class=\"bt_bb_image btImgContentHalfWidth bt_bb_shape_square bt_bb_align_inherit bt_bb_hover_style_simple bt_bb_content_display_always bt_bb_content_align_middle bt_bb_remove_padding_40 bt_bb_fill_background_color_full\" style=\"margin-left: -40px;margin-right: -40px; border-radius: 15px 15px 0 0;\" data-bt-override-class=\"null\"><span><img src = \"https:\/\/www.demirmodel.com\/wp-content\/plugins\/bold-page-builder\/img\/blank.gif\" data-full_image_src=\"https:\/\/www.demirmodel.com\/wp-content\/uploads\/2024\/03\/197869075_4067411636657758_8366554771926776717_n-1.jpg\" data-image_src=\"https:\/\/www.demirmodel.com\/wp-content\/uploads\/2024\/03\/197869075_4067411636657758_8366554771926776717_n-1.jpg\" title=\"197869075_4067411636657758_8366554771926776717_n\" alt=\"https:\/\/www.demirmodel.com\/wp-content\/uploads\/2024\/03\/197869075_4067411636657758_8366554771926776717_n-1.jpg\" class=\"btLazyLoadImage\"><\/span><\/div><div data-bb-version=\"4.8.8\" class=\"bt_bb_floating_element bt_bb_floating_element_horizontal_position_right bt_bb_floating_element_vertical_position_default bt_bb_floating_element_animation_delay_default bt_bb_floating_element_animation_duration_default bt_bb_floating_element_animation_style_ease_out\" style=\"margin-right: -1.5em; margin-top: -3em;\" data-speed=\"1.0\"><div class=\"bt_bb_floating_element_html\" data-speed=\"1.0\"><span  style=\"width: 5em; height: 5em; border-radius: 50%; box-shadow: 0 0 0 10px #922635; opacity: .5;\"><\/span><\/div><\/div><div class=\"bt_bb_floating_element bt_bb_floating_element_horizontal_position_left bt_bb_floating_element_vertical_position_top bt_bb_floating_element_animation_delay_default bt_bb_floating_element_animation_duration_default bt_bb_floating_element_animation_style_ease_out\" style=\"margin-top: 18em; margin-left: 3em;\" data-speed=\"1.0\"><div class=\"bt_bb_floating_element_html\" data-speed=\"1.0\"><span  style=\"width: 3em; height: 3em; border-radius: 50%; opacity: .07;background-color: rgba(24, 24, 24, 1);\"><\/span><\/div><\/div><div class=\"bt_bb_separator bt_bb_border_style_none bt_bb_bottom_spacing_40\" data-bt-override-class=\"null\"><\/div><header data-bb-version=\"4.8.8\" class=\"bt_bb_headline bt_bb_dash_bottom bt_bb_subheadline bt_bb_size_small bt_bb_align_inherit\" data-bt-override-class=\"{&quot;bt_bb_size_&quot;:{&quot;current_class&quot;:&quot;bt_bb_size_small&quot;,&quot;xxl&quot;:&quot;small&quot;},&quot;bt_bb_align_&quot;:{&quot;current_class&quot;:&quot;bt_bb_align_inherit&quot;,&quot;xxl&quot;:&quot;inherit&quot;}}\"><h5><span class=\"bt_bb_headline_content\"><span><a href=\"https:\/\/maps.app.goo.gl\/oH2vPBapcgMvAyxu9\" target=\"_self\" title=\"Fabrika\" rel=\"noopener\">Fabrika<\/a><\/span><\/span><\/h5><div class=\"bt_bb_headline_subheadline\">Gedelek Mah. Trench Industrial Site. 17.Blok No:1 Orhangazi \/ Bursa<\/div><\/header><div class=\"bt_bb_separator bt_bb_border_style_none bt_bb_bottom_spacing_20\" data-bt-override-class=\"null\"><\/div><header data-bb-version=\"4.8.8\" class=\"bt_bb_headline bt_bb_dash_bottom bt_bb_subheadline bt_bb_size_small bt_bb_align_inherit\" data-bt-override-class=\"{&quot;bt_bb_size_&quot;:{&quot;current_class&quot;:&quot;bt_bb_size_small&quot;,&quot;xxl&quot;:&quot;small&quot;},&quot;bt_bb_align_&quot;:{&quot;current_class&quot;:&quot;bt_bb_align_inherit&quot;,&quot;xxl&quot;:&quot;inherit&quot;}}\"><h5><span class=\"bt_bb_headline_content\"><span><a href=\"tel: 902245860038\" target=\"_self\" title=\"Phone number\">Phone number<\/a><\/span><\/span><\/h5><div class=\"bt_bb_headline_subheadline\">+90 224 586 00 38<\/div><\/header><div class=\"bt_bb_separator bt_bb_border_style_none bt_bb_bottom_spacing_20\" data-bt-override-class=\"null\"><\/div><header data-bb-version=\"4.8.8\" class=\"bt_bb_headline bt_bb_dash_bottom bt_bb_subheadline bt_bb_size_small bt_bb_align_inherit\" data-bt-override-class=\"{&quot;bt_bb_size_&quot;:{&quot;current_class&quot;:&quot;bt_bb_size_small&quot;,&quot;xxl&quot;:&quot;small&quot;},&quot;bt_bb_align_&quot;:{&quot;current_class&quot;:&quot;bt_bb_align_inherit&quot;,&quot;xxl&quot;:&quot;inherit&quot;}}\"><h5><span class=\"bt_bb_headline_content\"><span><a href=\"mailto:info@demirmodel.com\" target=\"_self\" title=\"Email\">Email<\/a><\/span><\/span><\/h5><div class=\"bt_bb_headline_subheadline\">info@demirmodel.com<\/div><\/header><div data-bb-version=\"4.8.8\" class=\"bt_bb_separator bt_bb_border_style_none bt_bb_top_spacing_30 bt_bb_bottom_spacing_30\" data-bt-override-class=\"{&quot;bt_bb_top_spacing_&quot;:{&quot;current_class&quot;:&quot;bt_bb_top_spacing_30&quot;,&quot;xxl&quot;:&quot;30&quot;},&quot;bt_bb_bottom_spacing_&quot;:{&quot;current_class&quot;:&quot;bt_bb_bottom_spacing_30&quot;,&quot;xxl&quot;:&quot;30&quot;}}\"><\/div><\/div><\/div><\/div><div  class=\"bt_bb_column col-xxl-6 col-xl-6 bt_bb_vertical_align_middle bt_bb_align_left bt_bb_padding_60 bt_bb_animation_fade_in bt_bb_animation_zoom_out animate\"  data-width=\"6\" data-bt-override-class=\"{}\"><div class=\"bt_bb_column_content\"><div class=\"bt_bb_column_content_inner\"><header data-bb-version=\"4.8.8\" class=\"bt_bb_headline bt_bb_dash_top bt_bb_superheadline bt_bb_subheadline bt_bb_size_large bt_bb_align_inherit\" data-bt-override-class=\"{&quot;bt_bb_size_&quot;:{&quot;current_class&quot;:&quot;bt_bb_size_large&quot;,&quot;xxl&quot;:&quot;large&quot;},&quot;bt_bb_align_&quot;:{&quot;current_class&quot;:&quot;bt_bb_align_inherit&quot;,&quot;xxl&quot;:&quot;inherit&quot;}}\"><div class=\"bt_bb_headline_superheadline_outside\"><span class=\"bt_bb_headline_superheadline\"><span>Contact Us<\/span><\/span><\/div><h5><span class=\"bt_bb_headline_content\"><span>How can we help you?<span class=\"bt_bb_outline_text bt_bb_outline_text_align_left bt_bb_outline_text_size_400\"><span>Communication<\/span><\/span><\/span><\/span><\/h5><div class=\"bt_bb_headline_subheadline\">Demir Model is waiting for you to work with you and contact us. Fill out this form now and get in touch.<\/div><\/header><div class=\"bt_bb_separator bt_bb_border_style_none bt_bb_bottom_spacing_40\" data-bt-override-class=\"null\"><\/div><div class=\"bt_bb_contact_form_7\">\n<div class=\"wpcf7 no-js\" id=\"wpcf7-f1081-o1\" lang=\"en-US\" dir=\"ltr\">\n<div class=\"screen-reader-response\"><p role=\"status\" aria-live=\"polite\" aria-atomic=\"true\"><\/p> <ul><\/ul><\/div>\n<form action=\"\/en\/wp-json\/wp\/v2\/pages\/448#wpcf7-f1081-o1\" method=\"post\" class=\"wpcf7-form init\" aria-label=\"Contact form\" novalidate=\"novalidate\" data-status=\"init\" data-trp-original-action=\"\/en\/wp-json\/wp\/v2\/pages\/448#wpcf7-f1081-o1\">\n<div style=\"display: none;\">\n<input type=\"hidden\" name=\"_wpcf7\" value=\"1081\" \/>\n<input type=\"hidden\" name=\"_wpcf7_version\" value=\"5.9.2\" \/>\n<input type=\"hidden\" name=\"_wpcf7_locale\" value=\"en_US\" \/>\n<input type=\"hidden\" name=\"_wpcf7_unit_tag\" value=\"wpcf7-f1081-o1\" \/>\n<input type=\"hidden\" name=\"_wpcf7_container_post\" value=\"0\" \/>\n<input type=\"hidden\" name=\"_wpcf7_posted_data_hash\" value=\"\" \/>\n<\/div>\n<div class=\"bt_bb_cf7_form\">\n\t<div class=\"bt_bb_cf7_row\">\n\t\t<div class=\"bt_bb_cf7_element bt_bb_cf7_element_required\">\n\t\t\t<p><span class=\"wpcf7-form-control-wrap\" data-name=\"your-name\"><input size=\"40\" class=\"wpcf7-form-control wpcf7-text wpcf7-validates-as-required\" aria-required=\"true\" aria-invalid=\"false\" placeholder=\"Name surname\" value=\"\" type=\"text\" name=\"your-name\" \/><\/span>\n\t\t\t<\/p>\n\t\t<\/div>\n\t<\/div>\n\t<div class=\"bt_bb_cf7_row\">\n\t\t<div class=\"bt_bb_cf7_element bt_bb_cf7_element_required\">\n\t\t\t<p><span class=\"wpcf7-form-control-wrap\" data-name=\"your-email\"><input size=\"40\" class=\"wpcf7-form-control wpcf7-email wpcf7-validates-as-required wpcf7-text wpcf7-validates-as-email\" aria-required=\"true\" aria-invalid=\"false\" placeholder=\"E-mail address\" value=\"\" type=\"email\" name=\"your-email\" \/><\/span>\n\t\t\t<\/p>\n\t\t<\/div>\n\t<\/div>\n\t<div class=\"bt_bb_cf7_row\">\n\t\t<div class=\"bt_bb_cf7_element\">\n\t\t\t<p><span class=\"wpcf7-form-control-wrap\" data-name=\"your-tel\"><input size=\"40\" class=\"wpcf7-form-control wpcf7-tel wpcf7-text wpcf7-validates-as-tel\" aria-invalid=\"false\" placeholder=\"Phone number\" value=\"\" type=\"tel\" name=\"your-tel\" \/><\/span>\n\t\t\t<\/p>\n\t\t<\/div>\n\t<\/div>\n\t<div class=\"bt_bb_cf7_row\">\n\t\t<div class=\"bt_bb_cf7_element\">\n\t\t\t<p><span class=\"wpcf7-form-control-wrap\" data-name=\"Project\"><select class=\"wpcf7-form-control wpcf7-select\" aria-invalid=\"false\" name=\"Project\"><option value=\"Sat\u0131\u015f \u00d6ncesi\">Sat\u0131\u015f \u00d6ncesi<\/option><option value=\"Sat\u0131\u015f Sonras\u0131\">Sat\u0131\u015f Sonras\u0131<\/option><option value=\"Muhasebe\">Muhasebe<\/option><option value=\"\u0130nsan Kaynaklar\u0131\">Human Resources<\/option><option value=\"Hukuk\">Hukuk<\/option><\/select><\/span>\n\t\t\t<\/p>\n\t\t<\/div>\n\t<\/div>\n\t<div class=\"bt_bb_cf7_row\">\n\t\t<div class=\"bt_bb_cf7_element bt_bb_cf7_element_required\">\n\t\t\t<p><span class=\"wpcf7-form-control-wrap\" data-name=\"your-message\"><textarea cols=\"40\" rows=\"5\" class=\"wpcf7-form-control wpcf7-textarea wpcf7-validates-as-required\" aria-required=\"true\" aria-invalid=\"false\" placeholder=\"Your message\" name=\"your-message\"><\/textarea><\/span>\n\t\t\t<\/p>\n\t\t<\/div>\n\t<\/div>\n\t<div class=\"bt_bb_cf7_button bt_bb_cf7_button_larger\">\n\t\t<p><input class=\"wpcf7-form-control wpcf7-submit has-spinner\" type=\"submit\" value=\"Send Message\" \/>\n\t\t<\/p>\n\t<\/div>\n<\/div><div class=\"wpcf7-response-output\" aria-hidden=\"true\"><\/div>\n<input type=\"hidden\" name=\"trp-form-language\" value=\"en\"\/><\/form>\n<\/div>\n<\/div><div data-bb-version=\"4.8.8\" class=\"bt_bb_separator bt_bb_border_style_none bt_bb_top_spacing_ bt_bb_bottom_spacing_20\" data-bt-override-class=\"{&quot;bt_bb_top_spacing_&quot;:{&quot;current_class&quot;:&quot;bt_bb_top_spacing_&quot;,&quot;xxl&quot;:&quot;&quot;},&quot;bt_bb_bottom_spacing_&quot;:{&quot;current_class&quot;:&quot;bt_bb_bottom_spacing_20&quot;,&quot;xxl&quot;:&quot;20&quot;}}\"><\/div><\/div><\/div><\/div><\/div><\/div><\/div><!-- cell_inner --><\/div><!-- cell --><\/div><!-- port --><\/section><section data-bb-version=\"4.8.8\" id=\"bt_bb_section69f532c45b4b0\" class=\"bt_bb_section bt_bb_layout_boxed_1600 bt_bb_vertical_align_top bt_bb_top_spacing_20 bt_bb_bottom_spacing_none bt_bb_negative_margin_\"  data-bt-override-class=\"{&quot;bt_bb_top_spacing_&quot;:{&quot;current_class&quot;:&quot;bt_bb_top_spacing_20&quot;,&quot;xxl&quot;:&quot;20&quot;},&quot;bt_bb_bottom_spacing_&quot;:{&quot;current_class&quot;:&quot;bt_bb_bottom_spacing_none&quot;,&quot;xxl&quot;:&quot;none&quot;},&quot;bt_bb_negative_margin_&quot;:{&quot;current_class&quot;:&quot;bt_bb_negative_margin_&quot;,&quot;xxl&quot;:&quot;&quot;}}\"><div class=\"bt_bb_port\"><div class=\"bt_bb_cell\"><div class=\"bt_bb_cell_inner\"><div class=\"bt_bb_row_wrapper\"><div  class=\"bt_bb_row bt_bb_column_gap_40\"  data-bt-override-class=\"{}\"><div  class=\"bt_bb_column col-xxl-3 col-xl-3 bt_bb_vertical_align_top bt_bb_align_left bt_bb_padding_normal bt_bb_animation_fade_in bt_bb_animation_zoom_out animate\"  data-width=\"3\" data-bt-override-class=\"{}\"><div class=\"bt_bb_column_content\"><div class=\"bt_bb_column_content_inner\"><div class=\"bt_bb_image bt_bb_shape_square bt_bb_align_inherit bt_bb_hover_style_simple bt_bb_content_display_always bt_bb_content_align_middle bt_bb_remove_padding_yes bt_bb_fill_background_color_full\" data-bt-override-class=\"null\"><span><img src = \"https:\/\/www.demirmodel.com\/wp-content\/plugins\/bold-page-builder\/img\/blank.gif\" data-full_image_src=\"https:\/\/www.demirmodel.com\/wp-content\/uploads\/2020\/10\/post_24.jpg\" data-image_src=\"https:\/\/www.demirmodel.com\/wp-content\/uploads\/2020\/10\/post_24-640x427.jpg\" alt=\"https:\/\/www.demirmodel.com\/wp-content\/uploads\/2020\/10\/post_24-640x427.jpg\" class=\"btLazyLoadImage\"><\/span><\/div><div class=\"bt_bb_separator bt_bb_border_style_none bt_bb_bottom_spacing_25\" data-bt-override-class=\"null\"><\/div><header data-bb-version=\"4.8.8\" class=\"bt_bb_headline bt_bb_dash_none bt_bb_size_medium bt_bb_align_inherit\" data-bt-override-class=\"{&quot;bt_bb_size_&quot;:{&quot;current_class&quot;:&quot;bt_bb_size_medium&quot;,&quot;xxl&quot;:&quot;medium&quot;},&quot;bt_bb_align_&quot;:{&quot;current_class&quot;:&quot;bt_bb_align_inherit&quot;,&quot;xxl&quot;:&quot;inherit&quot;}}\"><h6><span class=\"bt_bb_headline_content\"><span>Fabrikam\u0131z\u0131 Ziyaret Edin<\/span><\/span><\/h6><\/header><div data-bb-version=\"4.8.8\" class=\"bt_bb_separator bt_bb_border_style_none bt_bb_top_spacing_ bt_bb_bottom_spacing_15\" data-bt-override-class=\"{&quot;bt_bb_top_spacing_&quot;:{&quot;current_class&quot;:&quot;bt_bb_top_spacing_&quot;,&quot;xxl&quot;:&quot;&quot;},&quot;bt_bb_bottom_spacing_&quot;:{&quot;current_class&quot;:&quot;bt_bb_bottom_spacing_15&quot;,&quot;xxl&quot;:&quot;15&quot;}}\"><\/div><div  class=\"bt_bb_text\" ><p>Visit our office and let&#039;s meet.<\/p>\n<\/div><div data-bb-version=\"4.8.8\" class=\"bt_bb_separator bt_bb_border_style_solid bt_bb_top_spacing_20 bt_bb_bottom_spacing_20 bt_bb_color_accent\" data-bt-override-class=\"{&quot;bt_bb_top_spacing_&quot;:{&quot;current_class&quot;:&quot;bt_bb_top_spacing_20&quot;,&quot;xxl&quot;:&quot;20&quot;},&quot;bt_bb_bottom_spacing_&quot;:{&quot;current_class&quot;:&quot;bt_bb_bottom_spacing_20&quot;,&quot;xxl&quot;:&quot;20&quot;}}\"><\/div><header data-bb-version=\"4.8.8\" class=\"bt_bb_headline bt_bb_dash_none bt_bb_size_small bt_bb_align_inherit\" data-bt-override-class=\"{&quot;bt_bb_size_&quot;:{&quot;current_class&quot;:&quot;bt_bb_size_small&quot;,&quot;xxl&quot;:&quot;small&quot;},&quot;bt_bb_align_&quot;:{&quot;current_class&quot;:&quot;bt_bb_align_inherit&quot;,&quot;xxl&quot;:&quot;inherit&quot;}}\"><h5><span class=\"bt_bb_headline_content\"><span>Working hours<\/span><\/span><\/h5><\/header><div data-bb-version=\"4.8.8\" class=\"bt_bb_separator bt_bb_border_style_none bt_bb_top_spacing_ bt_bb_bottom_spacing_20\" data-bt-override-class=\"{&quot;bt_bb_top_spacing_&quot;:{&quot;current_class&quot;:&quot;bt_bb_top_spacing_&quot;,&quot;xxl&quot;:&quot;&quot;},&quot;bt_bb_bottom_spacing_&quot;:{&quot;current_class&quot;:&quot;bt_bb_bottom_spacing_20&quot;,&quot;xxl&quot;:&quot;20&quot;}}\"><\/div><div data-bb-version=\"4.8.8\" class=\"btWorkingHours bt_bb_working_hours bt_bb_size_small bt_bb_color_scheme_5\"  style=\"; --working-hours-primary-color:#000000; --working-hours-secondary-color:#f1b209;\"><div class=\"btWorkingHoursInner\"><div class=\"bt_bb_working_hours_inner_row\"><div class=\"bt_bb_working_hours_inner_wrapper\"><div class=\"bt_bb_working_hours_inner_title\">Monday<\/div><div class=\"bt_bb_working_hours_inner_content\">08.00 - 17.00<\/div><\/div><\/div><div class=\"bt_bb_working_hours_inner_row\"><div class=\"bt_bb_working_hours_inner_wrapper\"><div class=\"bt_bb_working_hours_inner_title\">Tuesday<\/div><div class=\"bt_bb_working_hours_inner_content\">08.00 - 17.00<\/div><\/div><\/div><div class=\"bt_bb_working_hours_inner_row\"><div class=\"bt_bb_working_hours_inner_wrapper\"><div class=\"bt_bb_working_hours_inner_title\">Wednesday<\/div><div class=\"bt_bb_working_hours_inner_content\">08.00 - 17.00<\/div><\/div><\/div><div class=\"bt_bb_working_hours_inner_row\"><div class=\"bt_bb_working_hours_inner_wrapper\"><div class=\"bt_bb_working_hours_inner_title\">Thursday<\/div><div class=\"bt_bb_working_hours_inner_content\">08.00 - 17.00<\/div><\/div><\/div><div class=\"bt_bb_working_hours_inner_row\"><div class=\"bt_bb_working_hours_inner_wrapper\"><div class=\"bt_bb_working_hours_inner_title\">Friday<\/div><div class=\"bt_bb_working_hours_inner_content\">08.00 - 17.00<\/div><\/div><\/div><div class=\"bt_bb_working_hours_inner_row\"><div class=\"bt_bb_working_hours_inner_wrapper\"><div class=\"bt_bb_working_hours_inner_title\">Saturday<\/div><div class=\"bt_bb_working_hours_inner_content\">08.00 - 14.00<\/div><\/div><\/div><\/div><\/div><div class=\"bt_bb_separator bt_bb_border_style_none bt_bb_bottom_spacing_35 bt_bb_hidden_md bt_bb_hidden_lg\" data-bt-override-class=\"null\"><\/div><\/div><\/div><\/div><div  class=\"bt_bb_column col-xxl-9 col-xl-9 bt_bb_vertical_align_top bt_bb_align_left bt_bb_padding_normal bt_bb_animation_fade_in animate\"  data-width=\"9\" data-bt-override-class=\"{}\"><div class=\"bt_bb_column_content\"><div class=\"bt_bb_column_content_inner\"><div data-bb-version=\"4.8.8\" class=\"bt_bb_google_maps bt_bb_map\" data-center=\"yes\"><div class=\"bt_bb_google_maps_map bt_bb_map_map\" id=\"map_canvas69f532c45be85\" data-height=\"660\" data-api-key=\"AIzaSyCQoZRPNFzFddyGd_a9SyppVFw9Zh-bfrs\" data-map-type=\"interactive\" data-zoom=\"12\" data-init-finished=\"false\" data-custom-style=\"WwogICAgewogICAgICAgICJmZWF0dXJlVHlwZSI6ICJhZG1pbmlzdHJhdGl2ZSIsCiAgICAgICAgImVsZW1lbnRUeXBlIjogImxhYmVscy50ZXh0LmZpbGwiLAogICAgICAgICJzdHlsZXJzIjogWwogICAgICAgICAgICB7CiAgICAgICAgICAgICAgICAiY29sb3IiOiAiIzQ0NDQ0NCIKICAgICAgICAgICAgfQogICAgICAgIF0KICAgIH0sCiAgICB7CiAgICAgICAgImZlYXR1cmVUeXBlIjogImxhbmRzY2FwZSIsCiAgICAgICAgImVsZW1lbnRUeXBlIjogImFsbCIsCiAgICAgICAgInN0eWxlcnMiOiBbCiAgICAgICAgICAgIHsKICAgICAgICAgICAgICAgICJjb2xvciI6ICIjZjJmMmYyIgogICAgICAgICAgICB9CiAgICAgICAgXQogICAgfSwKICAgIHsKICAgICAgICAiZmVhdHVyZVR5cGUiOiAicG9pIiwKICAgICAgICAiZWxlbWVudFR5cGUiOiAiYWxsIiwKICAgICAgICAic3R5bGVycyI6IFsKICAgICAgICAgICAgewogICAgICAgICAgICAgICAgInZpc2liaWxpdHkiOiAib2ZmIgogICAgICAgICAgICB9CiAgICAgICAgXQogICAgfSwKICAgIHsKICAgICAgICAiZmVhdHVyZVR5cGUiOiAicG9pLmJ1c2luZXNzIiwKICAgICAgICAiZWxlbWVudFR5cGUiOiAiZ2VvbWV0cnkuZmlsbCIsCiAgICAgICAgInN0eWxlcnMiOiBbCiAgICAgICAgICAgIHsKICAgICAgICAgICAgICAgICJ2aXNpYmlsaXR5IjogIm9uIgogICAgICAgICAgICB9CiAgICAgICAgXQogICAgfSwKICAgIHsKICAgICAgICAiZmVhdHVyZVR5cGUiOiAicm9hZCIsCiAgICAgICAgImVsZW1lbnRUeXBlIjogImFsbCIsCiAgICAgICAgInN0eWxlcnMiOiBbCiAgICAgICAgICAgIHsKICAgICAgICAgICAgICAgICJzYXR1cmF0aW9uIjogLTEwMAogICAgICAgICAgICB9LAogICAgICAgICAgICB7CiAgICAgICAgICAgICAgICAibGlnaHRuZXNzIjogNDUKICAgICAgICAgICAgfQogICAgICAgIF0KICAgIH0sCiAgICB7CiAgICAgICAgImZlYXR1cmVUeXBlIjogInJvYWQuaGlnaHdheSIsCiAgICAgICAgImVsZW1lbnRUeXBlIjogImFsbCIsCiAgICAgICAgInN0eWxlcnMiOiBbCiAgICAgICAgICAgIHsKICAgICAgICAgICAgICAgICJ2aXNpYmlsaXR5IjogInNpbXBsaWZpZWQiCiAgICAgICAgICAgIH0KICAgICAgICBdCiAgICB9LAogICAgewogICAgICAgICJmZWF0dXJlVHlwZSI6ICJyb2FkLmFydGVyaWFsIiwKICAgICAgICAiZWxlbWVudFR5cGUiOiAibGFiZWxzLmljb24iLAogICAgICAgICJzdHlsZXJzIjogWwogICAgICAgICAgICB7CiAgICAgICAgICAgICAgICAidmlzaWJpbGl0eSI6ICJvZmYiCiAgICAgICAgICAgIH0KICAgICAgICBdCiAgICB9LAogICAgewogICAgICAgICJmZWF0dXJlVHlwZSI6ICJ0cmFuc2l0IiwKICAgICAgICAiZWxlbWVudFR5cGUiOiAiYWxsIiwKICAgICAgICAic3R5bGVycyI6IFsKICAgICAgICAgICAgewogICAgICAgICAgICAgICAgInZpc2liaWxpdHkiOiAib2ZmIgogICAgICAgICAgICB9CiAgICAgICAgXQogICAgfSwKICAgIHsKICAgICAgICAiZmVhdHVyZVR5cGUiOiAid2F0ZXIiLAogICAgICAgICJlbGVtZW50VHlwZSI6ICJhbGwiLAogICAgICAgICJzdHlsZXJzIjogWwogICAgICAgICAgICB7CiAgICAgICAgICAgICAgICAiY29sb3IiOiAiI2I0ZDRlMSIKICAgICAgICAgICAgfSwKICAgICAgICAgICAgewogICAgICAgICAgICAgICAgInZpc2liaWxpdHkiOiAib24iCiAgICAgICAgICAgIH0KICAgICAgICBdCiAgICB9Cl0=\" style=\"height:660px\"><\/div><div data-bb-version=\"4.8.8\" class=\"bt_bb_google_maps_location bt_bb_map_location bt_bb_google_maps_location_without_content bt_bb_map_location_without_content\" data-lat=\"40.43514056087723\" data-lng=\"29.25159421041979\" data-icon=\"https:\/\/www.demirmodel.com\/wp-content\/uploads\/2024\/03\/Adsiz-tasarim-88-e1763228183358.png\"><\/div><\/div><\/div><\/div><\/div><\/div><\/div><\/div><!-- cell_inner --><\/div><!-- cell --><\/div><!-- port --><\/section><section data-bb-version=\"4.8.8\" id=\"bt_bb_section69f532c45c1df\" class=\"bt_bb_section bt_bb_layout_boxed_1200\"  data-bt-override-class=\"null\"><div class=\"bt_bb_port\"><div class=\"bt_bb_cell\"><div class=\"bt_bb_cell_inner\"><div class=\"bt_bb_row_wrapper\"><div  class=\"bt_bb_row\"  data-bt-override-class=\"{}\"><div data-bb-version=\"4.8.8\"  class=\"bt_bb_column col-xxl-12 col-xl-12 col-xs-12 col-sm-12 col-md-12 col-lg-12 bt_bb_vertical_align_top bt_bb_align_left bt_bb_padding_normal\"  data-width=\"12\" data-bt-override-class=\"{}\"><div class=\"bt_bb_column_content\"><div class=\"bt_bb_column_content_inner\"><div class=\"bt_bb_separator bt_bb_border_style_none bt_bb_bottom_spacing_60\" data-bt-override-class=\"null\"><\/div><\/div><\/div><\/div><\/div><\/div><\/div><!-- cell_inner --><\/div><!-- cell --><\/div><!-- port --><\/section>","protected":false},"excerpt":{"rendered":"<p>Quickly aggregate B2B users and worldwide potentialities. Progressively plagiarize resource-leveling e-commerce through resource-leveling core competencies. Dramatically mesh low-risk high-yield alignments before transparent e-tailers.<\/p>","protected":false},"author":2,"featured_media":590,"parent":0,"menu_order":0,"comment_status":"closed","ping_status":"closed","template":"","meta":{"footnotes":""},"class_list":["post-448","page","type-page","status-publish","has-post-thumbnail","hentry"],"_links":{"self":[{"href":"https:\/\/www.demirmodel.com\/en\/wp-json\/wp\/v2\/pages\/448","targetHints":{"allow":["GET"]}}],"collection":[{"href":"https:\/\/www.demirmodel.com\/en\/wp-json\/wp\/v2\/pages"}],"about":[{"href":"https:\/\/www.demirmodel.com\/en\/wp-json\/wp\/v2\/types\/page"}],"author":[{"embeddable":true,"href":"https:\/\/www.demirmodel.com\/en\/wp-json\/wp\/v2\/users\/2"}],"replies":[{"embeddable":true,"href":"https:\/\/www.demirmodel.com\/en\/wp-json\/wp\/v2\/comments?post=448"}],"version-history":[{"count":27,"href":"https:\/\/www.demirmodel.com\/en\/wp-json\/wp\/v2\/pages\/448\/revisions"}],"predecessor-version":[{"id":1499,"href":"https:\/\/www.demirmodel.com\/en\/wp-json\/wp\/v2\/pages\/448\/revisions\/1499"}],"wp:featuredmedia":[{"embeddable":true,"href":"https:\/\/www.demirmodel.com\/en\/wp-json\/wp\/v2\/media\/590"}],"wp:attachment":[{"href":"https:\/\/www.demirmodel.com\/en\/wp-json\/wp\/v2\/media?parent=448"}],"curies":[{"name":"wp","href":"https:\/\/api.w.org\/{rel}","templated":true}]}}