{"id":1228,"date":"2024-03-16T10:50:52","date_gmt":"2024-03-16T10:50:52","guid":{"rendered":"https:\/\/www.demirmodel.com\/?page_id=1228"},"modified":"2024-05-24T13:46:51","modified_gmt":"2024-05-24T13:46:51","slug":"tersine-muhendislik","status":"publish","type":"page","link":"https:\/\/www.demirmodel.com\/en\/hizmetlerimiz\/tersine-muhendislik\/","title":{"rendered":"Reverse Engineering"},"content":{"rendered":"<section id=\"bt_bb_section69f5ad146ed4d\" class=\"bt_bb_section bt_bb_layout_wide bt_bb_vertical_align_top bt_bb_top_spacing_100 bt_bb_bottom_spacing_20\" style=\"z-index: 1;\" data-bt-override-class=\"null\"><div class=\"bt_bb_port\"><div class=\"bt_bb_cell\"><div class=\"bt_bb_cell_inner\"><div class=\"bt_bb_row_wrapper\"><div  class=\"bt_bb_row\"  data-bt-override-class=\"{}\"><div  class=\"bt_bb_column col-xxl-12 col-xl-12 bt_bb_vertical_align_top bt_bb_align_left bt_bb_padding_normal\"  data-width=\"12\" data-bt-override-class=\"{}\"><div class=\"bt_bb_column_content\"><div class=\"bt_bb_column_content_inner\"><div class=\"bt_bb_separator bt_bb_border_style_none bt_bb_bottom_spacing_40 bt_bb_hidden_xs bt_bb_hidden_ms bt_bb_hidden_sm\" data-bt-override-class=\"null\"><\/div><\/div><\/div><\/div><\/div><\/div><div class=\"bt_bb_row_wrapper bt_bb_row_push_right bt_bb_content_wide bt_bb_row_width_boxed_1200\"><div  class=\"bt_bb_row bt_bb_column_gap_40\"  data-bt-override-class=\"{}\"><div  class=\"bt_bb_column col-xxl-6 col-xl-6 bt_bb_vertical_align_middle bt_bb_align_left bt_bb_padding_normal bt_bb_animation_fade_in animate\"  data-width=\"6\" data-bt-override-class=\"{}\"><div class=\"bt_bb_column_content\"><div class=\"bt_bb_column_content_inner\"><div class=\"bt_bb_separator bt_bb_border_style_none bt_bb_bottom_spacing_80 bt_bb_hidden_md bt_bb_hidden_lg\" data-bt-override-class=\"null\"><\/div><header data-bb-version=\"4.8.8\" class=\"bt_bb_headline bt_bb_dash_top bt_bb_superheadline bt_bb_subheadline bt_bb_size_extralarge bt_bb_align_inherit\" data-bt-override-class=\"{&quot;bt_bb_size_&quot;:{&quot;current_class&quot;:&quot;bt_bb_size_extralarge&quot;,&quot;xxl&quot;:&quot;extralarge&quot;},&quot;bt_bb_align_&quot;:{&quot;current_class&quot;:&quot;bt_bb_align_inherit&quot;,&quot;xxl&quot;:&quot;inherit&quot;}}\"><h1><span class=\"bt_bb_headline_superheadline\"><span>Reverse Engineering<\/span><\/span><span class=\"bt_bb_headline_content\"><span>Reverse Engineering<span class=\"bt_bb_outline_text bt_bb_outline_text_align_left bt_bb_outline_text_size_400\"><span>CNC<\/span><\/span><\/span><\/span><\/h1><div class=\"bt_bb_headline_subheadline\">Profesyonel 3D Lazer ve Optik Tarama Cihazlar\u0131m\u0131z ile modellenecek \u00fcr\u00fcn\u00fcn sadece numunesinden faydalanarak \u00b10.01 mm hassasiyet ile CAD Modellerini olu\u015fturuyoruz.<br \/>\r\nLazer & Optik Taray\u0131c\u0131lar ile bilgisayar ortam\u0131na aktar\u0131lan nokta bulutu verileri, tasar\u0131m m\u00fchendislerimiz taraf\u0131ndan profesyonel bir \u015fekilde kat\u0131 modele d\u00f6n\u00fc\u015ft\u00fcr\u00fclmektedir.<\/div><\/header><div class=\"bt_bb_separator bt_bb_border_style_none bt_bb_bottom_spacing_40\" data-bt-override-class=\"null\"><\/div><div  class=\"bt_bb_text\" ><p>Tersine m\u00fchendislik a\u015famas\u0131nda, 3 boyutlu tarama yap\u0131lan model \u00fczerinde talep edilen de\u011fi\u015fikliklerin de yap\u0131labilmesi m\u00fcmk\u00fcnd\u00fcr.<\/p>\n<h6>Tersine M\u00fchendislik Uygulamalar\u0131:<\/h6>\n<ul>\n<li>3D Datas\u0131 olmayan \u00fcr\u00fcnlerin, 3D datas\u0131n\u0131 elde etmek ve data ar\u015fivi olu\u015fturmak i\u00e7in tersine m\u00fchendislik y\u00f6ntemlerinden faydalanabilirsiniz.<\/li>\n<li>Mevcut durumda kullan\u0131lan makine, \u00fcr\u00fcn ya da sistemlerin par\u00e7alar\u0131nda sorun ya\u015fanmas\u0131 durumunda 3 boyutlu taray\u0131c\u0131 ile elde edilen nokta bulutu datay\u0131 kullanarak olu\u015fturulan CAD data \u00fczerinden imalat talep edebilirsiniz.<\/li>\n<li>\u00dcr\u00fcn geli\u015ftirme a\u015famas\u0131nda rakip \u015firketlerin \u00fcr\u00fcnlerinin performanslar\u0131n\u0131 izleyebilmek ve kar\u015f\u0131la\u015ft\u0131rabilmek i\u00e7in 3D tarama hizmetinden faydalanarak, \u00fcr\u00fcnlerin 3 boyutlu modellerini inceleyebilirsiniz.<\/li>\n<li>Bilgisayar modeli olmayan \u00fcr\u00fcnlerin tersine m\u00fchendislik \u00e7al\u0131\u015fmalar\u0131 ile CAD datalar\u0131n\u0131 elde edip, iyile\u015ftirme ve revizyon \u00e7al\u0131\u015fmalar\u0131n\u0131 yaparak, h\u0131zl\u0131ca yeni bir \u00fcr\u00fcn imalat\u0131 isteyebilirsiniz.<\/li>\n<li>\u00c7e\u015fitli \u00fcreticilerden gelen \u00fcr\u00fcnler ile kendi \u00fcr\u00fcnleriniz aras\u0131nda analizler ve testler yapmak i\u00e7in tersine m\u00fchendislik hizmeti alabilirsiniz.<\/li>\n<\/ul>\n<h6>3D Tarama ve Tersine M\u00fchendislik Alan\u0131nda S\u0131k\u00e7a Hizmet Verdi\u011fimiz Sekt\u00f6rler:<\/h6>\n<ul>\n<li>Gemi ve Tersane Alan \u00d6l\u00e7\u00fcm\u00fc ve Alan Taramas\u0131<\/li>\n<li>Otomotiv Sekt\u00f6r\u00fcnde Ara\u00e7 \u0130\u00e7 ve D\u0131\u015f Tarama Hizmetleri<\/li>\n<li>A\u011f\u0131r Sanayi ve \u0130malat Makinelerinde Yerinde Tarama Hizmeti ile \u00d6l\u00e7\u00fcmlendirme ve Kalite Kontrol<\/li>\n<li>Otomotiv Yedek Par\u00e7a \u0130malat\u0131nda \u00d6l\u00e7\u00fc Kontrol ve Teknik Data olu\u015fturma<\/li>\n<li>Medikal ve T\u0131bbi Cihazlar\u0131n Yeniden \u00dcretilmesi \u0130\u00e7in 3D Tarama ve Kat\u0131 Modelleme Hizmeti<\/li>\n<li>Plastik \u00dcr\u00fcnlerin Yeniden \u00dcretilebilmesi i\u00e7in Plastik \u00dcr\u00fcn 3D Tarama ve Kat\u0131 Modelleme<\/li>\n<\/ul>\n<\/div><div class=\"bt_bb_separator bt_bb_border_style_solid bt_bb_top_spacing_40 bt_bb_bottom_spacing_40\" data-bt-override-class=\"null\"><\/div><\/div><\/div><\/div><div  class=\"bt_bb_column col-xxl-6 col-xl-6 bt_bb_vertical_align_top bt_bb_align_right bt_bb_padding_20 bt_bb_animation_fade_in animate\"  data-width=\"6\" data-bt-override-class=\"{}\"><div class=\"bt_bb_column_content\"><div class=\"bt_bb_column_content_inner\"><div class=\"bt_bb_row_wrapper\"><div  class=\"bt_bb_row_inner bt_bb_column_inner_gap_10\" style=\"max-width: 750px;\" data-bt-override-class=\"{}\"><div  class=\"bt_bb_column_inner col-xxl-6 col-xl-6 bt_bb_vertical_align_top bt_bb_align_left bt_bb_padding_normal\" style=\"margin-bottom: 20px;\" data-width=\"6\" data-bt-override-class=\"{}\"><div class=\"bt_bb_column_inner_content\"><div class=\"bt_bb_image bt_bb_shape_square bt_bb_align_inherit bt_bb_hover_style_simple bt_bb_content_display_always bt_bb_content_align_middle bt_bb_remove_padding_40 bt_bb_fill_background_color_full\" data-bt-override-class=\"null\"><span><img src = \"https:\/\/www.demirmodel.com\/wp-content\/plugins\/bold-page-builder\/img\/blank.gif\" data-full_image_src=\"https:\/\/www.demirmodel.com\/wp-content\/uploads\/2020\/10\/post_14.jpg\" data-image_src=\"https:\/\/www.demirmodel.com\/wp-content\/uploads\/2020\/10\/post_14-1280x1280.jpg\" alt=\"https:\/\/www.demirmodel.com\/wp-content\/uploads\/2020\/10\/post_14-1280x1280.jpg\" class=\"btLazyLoadImage\"><\/span><\/div><div class=\"bt_bb_separator bt_bb_border_style_none bt_bb_bottom_spacing_20\" data-bt-override-class=\"null\"><\/div><div class=\"bt_bb_image bt_bb_shape_square bt_bb_align_inherit bt_bb_hover_style_simple bt_bb_content_display_always bt_bb_content_align_middle bt_bb_remove_padding_40 bt_bb_fill_background_color_full bt_bb_content_exists\" data-bt-override-class=\"null\"><span><img src = \"https:\/\/www.demirmodel.com\/wp-content\/plugins\/bold-page-builder\/img\/blank.gif\" data-full_image_src=\"https:\/\/www.demirmodel.com\/wp-content\/uploads\/2020\/10\/post_10.jpg\" data-image_src=\"https:\/\/www.demirmodel.com\/wp-content\/uploads\/2020\/10\/post_10-1280x1280.jpg\" alt=\"https:\/\/www.demirmodel.com\/wp-content\/uploads\/2020\/10\/post_10-1280x1280.jpg\" class=\"btLazyLoadImage\"><\/span><div class=\"bt_bb_image_content\" style=\"--bgcolor: rgba(255, 255, 255, 0.92);background-color: rgba(255, 255, 255, 0.92);\"><div class=\"bt_bb_image_content_flex\"><div class=\"bt_bb_image_content_inner\"><div class=\"bt_bb_icon bt_bb_color_scheme_3 bt_bb_style_borderless bt_bb_size_large bt_bb_shape_square bt_bb_target_self bt_bb_text_empty bt_bb_align_inherit\" style=\"; --primary-color:#f1b209; --secondary-color:#000000;\" data-bt-override-class=\"{}\"><span  data-ico-amwerk=\"&#xe98f;\" class=\"bt_bb_icon_holder\"><\/span><\/div><div class=\"bt_bb_separator bt_bb_border_style_none bt_bb_bottom_spacing_20\" data-bt-override-class=\"null\"><\/div><header data-bb-version=\"4.8.8\" class=\"bt_bb_headline bt_bb_dash_none bt_bb_subheadline bt_bb_size_small bt_bb_align_inherit\" data-bt-override-class=\"{&quot;bt_bb_size_&quot;:{&quot;current_class&quot;:&quot;bt_bb_size_small&quot;,&quot;xxl&quot;:&quot;small&quot;},&quot;bt_bb_align_&quot;:{&quot;current_class&quot;:&quot;bt_bb_align_inherit&quot;,&quot;xxl&quot;:&quot;inherit&quot;}}\"><h4><span class=\"bt_bb_headline_content\"><span>Y\u00fcksek Do\u011fruluk<\/span><\/span><\/h4><div class=\"bt_bb_headline_subheadline\">Nesnenin veya sistemin teknolojik ilkelerini ke\u015ffetme s\u00fcrecine Tersine M\u00fchendislik denir.<\/div><\/header><\/div><\/div><\/div><\/div><\/div><\/div><div  class=\"bt_bb_column_inner col-xxl-6 col-xl-6 bt_bb_vertical_align_top bt_bb_align_left bt_bb_padding_normal\" style=\"margin-bottom: 20px;\" data-width=\"6\" data-bt-override-class=\"{}\"><div class=\"bt_bb_column_inner_content\"><div class=\"bt_bb_separator bt_bb_border_style_none bt_bb_bottom_spacing_20 bt_bb_hidden_xs bt_bb_hidden_ms bt_bb_hidden_sm\" data-bt-override-class=\"null\"><\/div><div class=\"bt_bb_separator bt_bb_border_style_none bt_bb_bottom_spacing_20\" data-bt-override-class=\"null\"><\/div><div class=\"bt_bb_image bt_bb_shape_square bt_bb_align_inherit bt_bb_hover_style_simple bt_bb_content_display_always bt_bb_content_align_middle bt_bb_remove_padding_40 bt_bb_fill_background_color_full bt_bb_content_exists\" data-bt-override-class=\"null\"><span><img src = \"https:\/\/www.demirmodel.com\/wp-content\/plugins\/bold-page-builder\/img\/blank.gif\" data-full_image_src=\"https:\/\/www.demirmodel.com\/wp-content\/uploads\/2020\/10\/post_08.jpg\" data-image_src=\"https:\/\/www.demirmodel.com\/wp-content\/uploads\/2020\/10\/post_08-1280x1280.jpg\" alt=\"https:\/\/www.demirmodel.com\/wp-content\/uploads\/2020\/10\/post_08-1280x1280.jpg\" class=\"btLazyLoadImage\"><\/span><div class=\"bt_bb_image_content\" style=\"--bgcolor: rgba(241, 178, 9, 0.9);background-color: rgba(241, 178, 9, 0.9);\"><div class=\"bt_bb_image_content_flex\"><div class=\"bt_bb_image_content_inner\"><div class=\"bt_bb_icon bt_bb_color_scheme_7 bt_bb_style_borderless bt_bb_size_large bt_bb_shape_square bt_bb_target_self bt_bb_text_empty bt_bb_align_inherit\" style=\"; --primary-color:#013989; --secondary-color:#000000;\" data-bt-override-class=\"{}\"><span  data-ico-amwerk=\"&#xe951;\" class=\"bt_bb_icon_holder\"><\/span><\/div><div class=\"bt_bb_separator bt_bb_border_style_none bt_bb_bottom_spacing_20\" data-bt-override-class=\"null\"><\/div><header data-bb-version=\"4.8.8\" class=\"bt_bb_headline bt_bb_color_scheme_1 bt_bb_dash_none bt_bb_subheadline bt_bb_size_small bt_bb_align_inherit\" style=\"; --headline-primary-color:#ffffff; --headline-secondary-color:#000000;\" data-bt-override-class=\"{&quot;bt_bb_size_&quot;:{&quot;current_class&quot;:&quot;bt_bb_size_small&quot;,&quot;xxl&quot;:&quot;small&quot;},&quot;bt_bb_align_&quot;:{&quot;current_class&quot;:&quot;bt_bb_align_inherit&quot;,&quot;xxl&quot;:&quot;inherit&quot;}}\"><h4><span class=\"bt_bb_headline_content\"><span>Cad Destekli<\/span><\/span><\/h4><div class=\"bt_bb_headline_subheadline\">Varolan par\u00e7alar\u0131n \u00fc\u00e7 boyutlu sanal modellerinin yarat\u0131lmas\u0131<\/div><\/header><\/div><\/div><\/div><\/div><div class=\"bt_bb_separator bt_bb_border_style_none bt_bb_bottom_spacing_20\" data-bt-override-class=\"null\"><\/div><div class=\"bt_bb_image bt_bb_shape_square bt_bb_align_inherit bt_bb_hover_style_simple bt_bb_content_display_always bt_bb_content_align_middle bt_bb_remove_padding_40 bt_bb_fill_background_color_full bt_bb_content_exists\" data-bt-override-class=\"null\"><span><img src = \"https:\/\/www.demirmodel.com\/wp-content\/plugins\/bold-page-builder\/img\/blank.gif\" data-full_image_src=\"https:\/\/www.demirmodel.com\/wp-content\/uploads\/2020\/10\/post_08.jpg\" data-image_src=\"https:\/\/www.demirmodel.com\/wp-content\/uploads\/2020\/10\/post_08-1280x1280.jpg\" alt=\"https:\/\/www.demirmodel.com\/wp-content\/uploads\/2020\/10\/post_08-1280x1280.jpg\" class=\"btLazyLoadImage\"><\/span><div class=\"bt_bb_image_content\" style=\"--bgcolor: rgba(1, 57, 137, 0.9);background-color: rgba(1, 57, 137, 0.9);\"><div class=\"bt_bb_image_content_flex\"><div class=\"bt_bb_image_content_inner\"><div class=\"bt_bb_icon bt_bb_color_scheme_3 bt_bb_style_borderless bt_bb_size_large bt_bb_shape_square bt_bb_target_self bt_bb_text_empty bt_bb_align_inherit\" style=\"; --primary-color:#f1b209; --secondary-color:#000000;\" data-bt-override-class=\"{}\"><span  data-ico-amwerk=\"&#xe96c;\" class=\"bt_bb_icon_holder\"><\/span><\/div><div class=\"bt_bb_separator bt_bb_border_style_none bt_bb_bottom_spacing_20\" data-bt-override-class=\"null\"><\/div><header data-bb-version=\"4.8.8\" class=\"bt_bb_headline bt_bb_color_scheme_1 bt_bb_dash_none bt_bb_subheadline bt_bb_size_small bt_bb_align_inherit\" style=\"; --headline-primary-color:#ffffff; --headline-secondary-color:#000000;\" data-bt-override-class=\"{&quot;bt_bb_size_&quot;:{&quot;current_class&quot;:&quot;bt_bb_size_small&quot;,&quot;xxl&quot;:&quot;small&quot;},&quot;bt_bb_align_&quot;:{&quot;current_class&quot;:&quot;bt_bb_align_inherit&quot;,&quot;xxl&quot;:&quot;inherit&quot;}}\"><h4><span class=\"bt_bb_headline_content\"><span>3D Destekli<\/span><\/span><\/h4><div class=\"bt_bb_headline_subheadline\">\u00d6l\u00e7\u00fcm ve ard\u0131ndan \u00fc\u00e7 boyutlu model olarak olu\u015fturulmas\u0131<\/div><\/header><\/div><\/div><\/div><\/div><\/div><\/div><\/div><\/div><\/div><\/div><\/div><\/div><\/div><\/div><!-- cell_inner --><\/div><!-- cell --><\/div><!-- port --><\/section>","protected":false},"excerpt":{"rendered":"<p>Uniquely deploy cross-unit benefits with wireless testing procedures. Collaboratively build backward-compatible relationships whereas tactical paradigms. Compellingly reconceptualize compelling outsourcing whereas optimal service.<\/p>","protected":false},"author":1,"featured_media":585,"parent":510,"menu_order":0,"comment_status":"closed","ping_status":"closed","template":"","meta":{"footnotes":""},"class_list":["post-1228","page","type-page","status-publish","has-post-thumbnail","hentry"],"_links":{"self":[{"href":"https:\/\/www.demirmodel.com\/en\/wp-json\/wp\/v2\/pages\/1228","targetHints":{"allow":["GET"]}}],"collection":[{"href":"https:\/\/www.demirmodel.com\/en\/wp-json\/wp\/v2\/pages"}],"about":[{"href":"https:\/\/www.demirmodel.com\/en\/wp-json\/wp\/v2\/types\/page"}],"author":[{"embeddable":true,"href":"https:\/\/www.demirmodel.com\/en\/wp-json\/wp\/v2\/users\/1"}],"replies":[{"embeddable":true,"href":"https:\/\/www.demirmodel.com\/en\/wp-json\/wp\/v2\/comments?post=1228"}],"version-history":[{"count":4,"href":"https:\/\/www.demirmodel.com\/en\/wp-json\/wp\/v2\/pages\/1228\/revisions"}],"predecessor-version":[{"id":1475,"href":"https:\/\/www.demirmodel.com\/en\/wp-json\/wp\/v2\/pages\/1228\/revisions\/1475"}],"up":[{"embeddable":true,"href":"https:\/\/www.demirmodel.com\/en\/wp-json\/wp\/v2\/pages\/510"}],"wp:featuredmedia":[{"embeddable":true,"href":"https:\/\/www.demirmodel.com\/en\/wp-json\/wp\/v2\/media\/585"}],"wp:attachment":[{"href":"https:\/\/www.demirmodel.com\/en\/wp-json\/wp\/v2\/media?parent=1228"}],"curies":[{"name":"wp","href":"https:\/\/api.w.org\/{rel}","templated":true}]}}