{"id":1227,"date":"2024-03-16T10:50:42","date_gmt":"2024-03-16T10:50:42","guid":{"rendered":"https:\/\/www.demirmodel.com\/?page_id=1227"},"modified":"2024-05-24T14:06:25","modified_gmt":"2024-05-24T14:06:25","slug":"muhendislik-hizmetleri","status":"publish","type":"page","link":"https:\/\/www.demirmodel.com\/en\/hizmetlerimiz\/muhendislik-hizmetleri\/","title":{"rendered":"Engineering services"},"content":{"rendered":"<section id=\"bt_bb_section69e7600aae82e\" class=\"bt_bb_section bt_bb_layout_wide bt_bb_vertical_align_top bt_bb_top_spacing_100 bt_bb_bottom_spacing_20\" style=\"z-index: 1;\" data-bt-override-class=\"null\"><div class=\"bt_bb_port\"><div class=\"bt_bb_cell\"><div class=\"bt_bb_cell_inner\"><div class=\"bt_bb_row_wrapper\"><div  class=\"bt_bb_row\"  data-bt-override-class=\"{}\"><div  class=\"bt_bb_column col-xxl-12 col-xl-12 bt_bb_vertical_align_top bt_bb_align_left bt_bb_padding_normal\"  data-width=\"12\" data-bt-override-class=\"{}\"><div class=\"bt_bb_column_content\"><div class=\"bt_bb_column_content_inner\"><div class=\"bt_bb_separator bt_bb_border_style_none bt_bb_bottom_spacing_40 bt_bb_hidden_xs bt_bb_hidden_ms bt_bb_hidden_sm\" data-bt-override-class=\"null\"><\/div><\/div><\/div><\/div><\/div><\/div><div class=\"bt_bb_row_wrapper bt_bb_row_push_right bt_bb_content_wide bt_bb_row_width_boxed_1200\"><div  class=\"bt_bb_row bt_bb_column_gap_40\"  data-bt-override-class=\"{}\"><div  class=\"bt_bb_column col-xxl-12 col-xl-12 col-xs-12 col-sm-12 col-md-12 col-lg-12 bt_bb_vertical_align_middle bt_bb_align_left bt_bb_padding_normal bt_bb_animation_fade_in animate\"  data-width=\"12\" data-bt-override-class=\"{}\"><div class=\"bt_bb_column_content\"><div class=\"bt_bb_column_content_inner\"><div class=\"bt_bb_separator bt_bb_border_style_none bt_bb_bottom_spacing_80 bt_bb_hidden_md bt_bb_hidden_lg\" data-bt-override-class=\"null\"><\/div><header data-bb-version=\"4.8.8\" class=\"bt_bb_headline bt_bb_dash_top bt_bb_superheadline bt_bb_subheadline bt_bb_size_extralarge bt_bb_align_inherit\" data-bt-override-class=\"{&quot;bt_bb_size_&quot;:{&quot;current_class&quot;:&quot;bt_bb_size_extralarge&quot;,&quot;xxl&quot;:&quot;extralarge&quot;},&quot;bt_bb_align_&quot;:{&quot;current_class&quot;:&quot;bt_bb_align_inherit&quot;,&quot;xxl&quot;:&quot;inherit&quot;}}\"><h1><span class=\"bt_bb_headline_superheadline\"><span>Our services<\/span><\/span><span class=\"bt_bb_headline_content\"><span>Engineering services<span class=\"bt_bb_outline_text bt_bb_outline_text_align_left bt_bb_outline_text_size_400\"><span>Hizmet<\/span><\/span><\/span><\/span><\/h1><div class=\"bt_bb_headline_subheadline\">Demir Model, uzman m\u00fchendis ekibiyle birlikte tasar\u0131mlar\u0131n\u0131z\u0131 sizler i\u00e7in ger\u00e7ekle\u015ftirmeyi hedefler. 3B boyutlu tasar\u0131m ve modelleme ara\u00e7lar\u0131 sayesinde hayallerinizi somutla\u015ft\u0131racak \u00e7al\u0131\u015fmalar\u0131 sizler i\u00e7in ger\u00e7ekle\u015ftiriyoruz. Sekt\u00f6r dal\u0131n\u0131z farketmeksizin sorunlar\u0131n\u0131za \u00e7\u00f6z\u00fcm getirecek tasar\u0131mlar\u0131 sizlerin fikirleriniz do\u011frultusunda ileriye ta\u015f\u0131yoruz.<\/div><\/header><div class=\"bt_bb_separator bt_bb_border_style_none bt_bb_bottom_spacing_40\" data-bt-override-class=\"null\"><\/div><div  class=\"bt_bb_text\" ><h6>\u00dcr\u00fcn geli\u015ftirme<\/h6>\n<p>Tipik olarak, bir \u00fcr\u00fcn\u00fc konsept veya fikirden piyasaya s\u00fcrme ve \u00f6tesine kadar getirmeyle ilgili t\u00fcm a\u015famalar\u0131 ifade eder. Ba\u015fka bir deyi\u015fle, \u00fcr\u00fcn geli\u015ftirme, bir \u00fcr\u00fcn\u00fcn t\u00fcm yolculu\u011funu i\u00e7erir. \u00dcr\u00fcn geli\u015ftirme yolculu\u011funuza bizimle \u00e7\u0131kmak isterseniz, teklif isteyebilirsiniz.<\/p>\n<p>Yeni \u00fcr\u00fcn geli\u015ftirme s\u00fcrecinn bir\u00e7ok ad\u0131m\u0131 vard\u0131r ve bu her \u015firket i\u00e7in ayn\u0131 yol de\u011fildir, ancak bunlar \u00fcr\u00fcnlerin tipik olarak ilerledi\u011fi en yayg\u0131n a\u015famalard\u0131r:<\/p>\n<ul>\n<li>Pazar ihtiyac\u0131n\u0131n belirlenmesi<\/li>\n<li>F\u0131rsat\u0131 \u00f6l\u00e7mek<\/li>\n<li>\u00dcr\u00fcn\u00fc kavramsalla\u015ft\u0131rma<\/li>\n<li>\u00c7\u00f6z\u00fcm\u00fcn do\u011frulanmas\u0131<\/li>\n<li>\u00dcr\u00fcn yol haritas\u0131n\u0131n olu\u015fturulmas\u0131<\/li>\n<li>Minimum uygulanabilir bir \u00fcr\u00fcn (MVP) geli\u015ftirmek<\/li>\n<li>MVP\u2019yi kullan\u0131c\u0131lara yay\u0131nlamak<\/li>\n<li>Kullan\u0131c\u0131 geri bildirimlerine ve stratejik hedeflere dayal\u0131 devam eden yineleme<\/li>\n<\/ul>\n<h6>Sim\u00fclasyon ve Analiz<\/h6>\n<p>Bilgisayar destekli m\u00fchendislik (CAE) \u00fcr\u00fcn geli\u015ftirme safhalar\u0131nda, sanal testlerden, \u00fcretim planlamaya kadar t\u00fcm \u00fcr\u00fcn m\u00fchendisli\u011fine verilen genel add\u0131r.<br \/>\nSim\u00fclasyon ve analiz, mekanik tasar\u0131m ba\u011flam\u0131nda en yayg\u0131n olarak kullan\u0131lan y\u00f6ntemler aras\u0131nda: sonlu elemanlar analizi (statik ve dinamik), hesaplamal\u0131 ak\u0131\u015fkanlar dinami\u011fi, termal analizler, \u00e7ok g\u00f6vdeli dinamik analizler, optimizasyonlar ve \u00f6m\u00fcr analizleri yap\u0131lmaktad\u0131r.<br \/>\nBu s\u00fcre\u00e7 ile birlikte erken geli\u015ftirme a\u015famalar\u0131nda fiziksel prototipler olu\u015fturmaya gerek olmadan \u00fcr\u00fcn geli\u015ftirme s\u00fcre\u00e7lerine h\u0131z kat\u0131labilir. Analiz ve sim\u00fclasyonun avantajlar\u0131ndan yararlan\u0131larak: tasar\u0131m yenileme maliyetlerinde d\u00fc\u015f\u00fc\u015fler sa\u011flanabilir. Fiziksel test maliyetlerinde dramatik azalmalar sa\u011flan\u0131r. \u00dcr\u00fcn\u00fcn kullan\u0131ma \u00e7\u0131k\u0131\u015f s\u00fcresi k\u0131sal\u0131r. Optimizasyon y\u00f6ntemleri kullan\u0131larak \u00fcretim maliyeti ve m\u00fchendislik bak\u0131m\u0131ndan daha kaliteli \u00fcr\u00fcnler ve \u00fcretimler ortaya \u00e7\u0131kabilir.<\/p>\n<\/div><div class=\"bt_bb_separator bt_bb_border_style_none bt_bb_bottom_spacing_40 bt_bb_hidden_md bt_bb_hidden_lg\" data-bt-override-class=\"null\"><\/div><\/div><\/div><\/div><\/div><\/div><\/div><!-- cell_inner --><\/div><!-- cell --><\/div><!-- port --><\/section>","protected":false},"excerpt":{"rendered":"<p>Uniquely deploy cross-unit benefits with wireless testing procedures. Collaboratively build backward-compatible relationships whereas tactical paradigms. Compellingly reconceptualize compelling outsourcing whereas optimal service.<\/p>","protected":false},"author":1,"featured_media":585,"parent":510,"menu_order":0,"comment_status":"closed","ping_status":"closed","template":"","meta":{"footnotes":""},"class_list":["post-1227","page","type-page","status-publish","has-post-thumbnail","hentry"],"_links":{"self":[{"href":"https:\/\/www.demirmodel.com\/en\/wp-json\/wp\/v2\/pages\/1227","targetHints":{"allow":["GET"]}}],"collection":[{"href":"https:\/\/www.demirmodel.com\/en\/wp-json\/wp\/v2\/pages"}],"about":[{"href":"https:\/\/www.demirmodel.com\/en\/wp-json\/wp\/v2\/types\/page"}],"author":[{"embeddable":true,"href":"https:\/\/www.demirmodel.com\/en\/wp-json\/wp\/v2\/users\/1"}],"replies":[{"embeddable":true,"href":"https:\/\/www.demirmodel.com\/en\/wp-json\/wp\/v2\/comments?post=1227"}],"version-history":[{"count":11,"href":"https:\/\/www.demirmodel.com\/en\/wp-json\/wp\/v2\/pages\/1227\/revisions"}],"predecessor-version":[{"id":1479,"href":"https:\/\/www.demirmodel.com\/en\/wp-json\/wp\/v2\/pages\/1227\/revisions\/1479"}],"up":[{"embeddable":true,"href":"https:\/\/www.demirmodel.com\/en\/wp-json\/wp\/v2\/pages\/510"}],"wp:featuredmedia":[{"embeddable":true,"href":"https:\/\/www.demirmodel.com\/en\/wp-json\/wp\/v2\/media\/585"}],"wp:attachment":[{"href":"https:\/\/www.demirmodel.com\/en\/wp-json\/wp\/v2\/media?parent=1227"}],"curies":[{"name":"wp","href":"https:\/\/api.w.org\/{rel}","templated":true}]}}