{"id":1194,"date":"2024-03-16T09:23:06","date_gmt":"2024-03-16T09:23:06","guid":{"rendered":"https:\/\/www.demirmodel.com\/?page_id=1194"},"modified":"2024-05-24T14:12:47","modified_gmt":"2024-05-24T14:12:47","slug":"tasarim-ve-modelleme","status":"publish","type":"page","link":"https:\/\/www.demirmodel.com\/en\/hizmetlerimiz\/tasarim-ve-modelleme\/","title":{"rendered":"Design and Modeling"},"content":{"rendered":"<section data-bb-version=\"4.8.8\" id=\"bt_bb_section6a02c17a573f8\" class=\"bt_bb_section bt_bb_layout_wide bt_bb_vertical_align_top bt_bb_top_spacing_20 bt_bb_bottom_spacing_20 bt_bb_negative_margin_\" style=\"z-index: 1;\" data-bt-override-class=\"{&quot;bt_bb_top_spacing_&quot;:{&quot;current_class&quot;:&quot;bt_bb_top_spacing_20&quot;,&quot;xxl&quot;:&quot;20&quot;},&quot;bt_bb_bottom_spacing_&quot;:{&quot;current_class&quot;:&quot;bt_bb_bottom_spacing_20&quot;,&quot;xxl&quot;:&quot;20&quot;},&quot;bt_bb_negative_margin_&quot;:{&quot;current_class&quot;:&quot;bt_bb_negative_margin_&quot;,&quot;xxl&quot;:&quot;&quot;}}\"><div class=\"bt_bb_port\"><div class=\"bt_bb_cell\"><div class=\"bt_bb_cell_inner\"><div class=\"bt_bb_row_wrapper\"><div  class=\"bt_bb_row\"  data-bt-override-class=\"{}\"><div  class=\"bt_bb_column col-xxl-12 col-xl-12 bt_bb_vertical_align_top bt_bb_align_left bt_bb_padding_normal\"  data-width=\"12\" data-bt-override-class=\"{}\"><div class=\"bt_bb_column_content\"><div class=\"bt_bb_column_content_inner\"><div data-bb-version=\"4.8.8\" class=\"bt_bb_separator bt_bb_border_style_none bt_bb_top_spacing_ bt_bb_bottom_spacing_10 bt_bb_hidden_xs bt_bb_hidden_ms bt_bb_hidden_sm\" data-bt-override-class=\"{&quot;bt_bb_top_spacing_&quot;:{&quot;current_class&quot;:&quot;bt_bb_top_spacing_&quot;,&quot;xxl&quot;:&quot;&quot;},&quot;bt_bb_bottom_spacing_&quot;:{&quot;current_class&quot;:&quot;bt_bb_bottom_spacing_10&quot;,&quot;xxl&quot;:&quot;10&quot;}}\"><\/div><\/div><\/div><\/div><\/div><\/div><\/div><!-- cell_inner --><\/div><!-- cell --><\/div><!-- port --><\/section><section id=\"bt_bb_section6a02c17a5764e\" class=\"bt_bb_section bt_bb_layout_wide bt_bb_vertical_align_top bt_bb_top_spacing_100\"  data-bt-override-class=\"null\"><div class=\"bt_bb_port\"><div class=\"bt_bb_cell\"><div class=\"bt_bb_cell_inner\"><div class=\"bt_bb_row_wrapper bt_bb_row_push_left bt_bb_content_wide bt_bb_row_width_boxed_1200\"><div  class=\"bt_bb_row\"  data-bt-override-class=\"{}\"><div  class=\"bt_bb_column col-xxl-6 col-xl-6 bt_bb_vertical_align_top bt_bb_align_left bt_bb_padding_20 bt_bb_animation_fade_in animate\"  data-width=\"6\" data-bt-override-class=\"{}\"><div class=\"bt_bb_column_content\"><div class=\"bt_bb_column_content_inner\"><div data-bb-version=\"4.8.8\" class=\"bt_bb_slider bt_bb_height_auto bt_bb_show_dots_bottom bt_bb_animation_fade animate bt_bb_overflow_no bt_bb_thick_line_alternate bt_bb_active_dot_accent bt_bb_inactive_dot_light_font bt_bb_slider_arrows_dark_font_light_bg bt_bb_arrows_size_normal\" style=\"max-width: 750px; margin-left: auto;\"><div class=\"slick-slider fade\"  data-slick='{ \"lazyLoad\": \"progressive\", \"cssEase\": \"ease-out\", \"speed\": \"300\", \"fade\": true, \"adaptiveHeight\": true, \"dots\": true, \"prevArrow\": \"&lt;button type=\\\"button\\\" class=\\\"slick-prev\\\" aria-label=\\\"Previous\\\" tabindex=\\\"0\\\" role=\\\"button\\\"&gt;&lt;\/button&gt;\", \"nextArrow\": \"&lt;button type=\\\"button\\\" class=\\\"slick-next\\\" aria-label=\\\"Next\\\" tabindex=\\\"0\\\" role=\\\"button\\\"&gt;&lt;\/button&gt;\", \"autoplay\": true, \"autoplaySpeed\": 3500}' ><div class=\"bt_bb_slider_item\" data-src-full=\"https:\/\/www.demirmodel.com\/wp-content\/uploads\/2024\/03\/197499459_4067411799991075_2666912307065066283_n.jpg\"><img decoding=\"async\" src=\"https:\/\/www.demirmodel.com\/wp-content\/uploads\/2024\/03\/197499459_4067411799991075_2666912307065066283_n.jpg\" alt=\"197499459_4067411799991075_2666912307065066283_n\"  title=\"197499459_4067411799991075_2666912307065066283_n\"><\/div><div class=\"bt_bb_slider_item\" data-src-full=\"https:\/\/www.demirmodel.com\/wp-content\/uploads\/2024\/03\/197457966_4067411633324425_4849765204076691094_n.jpg\"><img decoding=\"async\" src=\"https:\/\/www.demirmodel.com\/wp-content\/uploads\/2024\/03\/197457966_4067411633324425_4849765204076691094_n.jpg\" alt=\"197457966_4067411633324425_4849765204076691094_n\"  title=\"197457966_4067411633324425_4849765204076691094_n\"><\/div><div class=\"bt_bb_slider_item\" data-src-full=\"https:\/\/www.demirmodel.com\/wp-content\/uploads\/2024\/03\/197477264_4067411639991091_3159811675819587027_n.jpg\"><img decoding=\"async\" src=\"https:\/\/www.demirmodel.com\/wp-content\/uploads\/2024\/03\/197477264_4067411639991091_3159811675819587027_n.jpg\" alt=\"197477264_4067411639991091_3159811675819587027_n\"  title=\"197477264_4067411639991091_3159811675819587027_n\"><\/div><\/div><\/div><div class=\"bt_bb_separator bt_bb_border_style_none bt_bb_bottom_spacing_40 bt_bb_hidden_md bt_bb_hidden_lg\" data-bt-override-class=\"null\"><\/div><\/div><\/div><\/div><div  class=\"bt_bb_column col-xxl-6 col-xl-6 bt_bb_vertical_align_middle bt_bb_align_left bt_bb_padding_normal bt_bb_animation_fade_in animate\"  data-width=\"6\" data-bt-override-class=\"{}\"><div class=\"bt_bb_column_content\"><div class=\"bt_bb_column_content_inner\"><header data-bb-version=\"4.8.8\" class=\"bt_bb_headline bt_bb_font_weight_600 bt_bb_dash_none bt_bb_subheadline bt_bb_size_medium bt_bb_align_inherit\" data-bt-override-class=\"{&quot;bt_bb_size_&quot;:{&quot;current_class&quot;:&quot;bt_bb_size_medium&quot;,&quot;xxl&quot;:&quot;medium&quot;},&quot;bt_bb_align_&quot;:{&quot;current_class&quot;:&quot;bt_bb_align_inherit&quot;,&quot;xxl&quot;:&quot;inherit&quot;}}\"><h4><span class=\"bt_bb_headline_content\"><span>Design and Modeling<\/span><\/span><\/h4><div class=\"bt_bb_headline_subheadline\">Demir Model, uzman m\u00fchendis ekibiyle birlikte tasar\u0131mlar\u0131n\u0131z\u0131 sizler i\u00e7in ger\u00e7ekle\u015ftirmeyi hedefler. 3B boyutlu tasar\u0131m ve modelleme ara\u00e7lar\u0131 sayesinde hayallerinizi somutla\u015ft\u0131racak \u00e7al\u0131\u015fmalar\u0131 sizler i\u00e7in ger\u00e7ekle\u015ftiriyoruz. Sekt\u00f6r dal\u0131n\u0131z farketmeksizin sorunlar\u0131n\u0131za \u00e7\u00f6z\u00fcm getirecek tasar\u0131mlar\u0131 sizlerin fikirleriniz do\u011frultusunda ileriye ta\u015f\u0131yoruz.<\/div><\/header><div class=\"bt_bb_separator bt_bb_border_style_none bt_bb_bottom_spacing_20\" data-bt-override-class=\"null\"><\/div><div  class=\"bt_bb_text\" ><p>Mekanik tasar\u0131m, tamamen yeni bir makinenin ya da \u00fcr\u00fcn\u00fcn olu\u015fturulmas\u0131 veya mevcut makinenin ya da \u00fcr\u00fcn\u00fcn iyile\u015ftirilmesi faaliyetlerini kapsayabilir.<br \/>\nDemir Model\u2019de \u00e7al\u0131\u015fan mekanik tasar\u0131m m\u00fchendislerimiz, mekanik sistemlerin analizini, tasar\u0131m\u0131n\u0131, kurulumunu ve bak\u0131m\u0131n\u0131 yapan profesyonellerdir. K\u00fc\u00e7\u00fck bile\u015fen tasar\u0131mlar\u0131ndan b\u00fcy\u00fck \u00f6l\u00e7ekli sistemlere kadar de\u011fi\u015febilen \u00e7\u00f6z\u00fcmler \u00fcretirler. Mekanik Tasar\u0131m M\u00fchendislerimiz, ara\u015ft\u0131rma, geli\u015ftirme ve tasar\u0131mdan kurulum ve nihai devreye almaya kadar bir sistemin t\u00fcm a\u015famalar\u0131nda \u00e7al\u0131\u015f\u0131rlar.<br \/>\nMekanik tasar\u0131m, teorik ve teknik bilginin tasar\u0131m yetene\u011fi ile bulu\u015fmas\u0131n\u0131n ba\u015far\u0131l\u0131 bir sonucudur. Mekanik tasar\u0131m \u00fcr\u00fcnlerine \u00f6rnek olarak, CNC tezgah\u0131n\u0131n tasar\u0131m\u0131, bir arac\u0131n tasar\u0131m\u0131, bir elektrik motorunun tasar\u0131m\u0131, bir asans\u00f6r sisteminin tasar\u0131m\u0131 ya da \u00f6zel makineler verilebilir. Tecr\u00fcbeli bir mekanik tasar\u0131m ekibi taraf\u0131ndan tasarlanan bu \u00fcr\u00fcnler gerekli testlerden sonra pazara s\u00fcr\u00fcld\u00fcklerinde ba\u015far\u0131l\u0131 olur.<\/p>\n<\/div><div class=\"bt_bb_separator bt_bb_border_style_none bt_bb_bottom_spacing_20\" data-bt-override-class=\"null\"><\/div><\/div><\/div><\/div><\/div><\/div><\/div><!-- cell_inner --><\/div><!-- cell --><\/div><!-- port --><\/section><section id=\"bt_bb_section6a02c17a5845b\" class=\"bt_bb_section bt_bb_layout_wide bt_bb_vertical_align_top bt_bb_top_spacing_100 bt_bb_bottom_spacing_20\" style=\"z-index: 1;\" data-bt-override-class=\"null\"><div class=\"bt_bb_port\"><div class=\"bt_bb_cell\"><div class=\"bt_bb_cell_inner\"><div class=\"bt_bb_row_wrapper\"><div  class=\"bt_bb_row\"  data-bt-override-class=\"{}\"><div  class=\"bt_bb_column col-xxl-12 col-xl-12 bt_bb_vertical_align_top bt_bb_align_left bt_bb_padding_normal\"  data-width=\"12\" data-bt-override-class=\"{}\"><div class=\"bt_bb_column_content\"><div class=\"bt_bb_column_content_inner\"><div class=\"bt_bb_separator bt_bb_border_style_none bt_bb_bottom_spacing_40 bt_bb_hidden_xs bt_bb_hidden_ms bt_bb_hidden_sm\" data-bt-override-class=\"null\"><\/div><\/div><\/div><\/div><\/div><\/div><\/div><!-- cell_inner --><\/div><!-- cell --><\/div><!-- port --><\/section>","protected":false},"excerpt":{"rendered":"<p>Uniquely deploy cross-unit benefits with wireless testing procedures. Collaboratively build backward-compatible relationships whereas tactical paradigms. Compellingly reconceptualize compelling outsourcing whereas optimal service.<\/p>","protected":false},"author":1,"featured_media":585,"parent":510,"menu_order":0,"comment_status":"closed","ping_status":"closed","template":"","meta":{"footnotes":""},"class_list":["post-1194","page","type-page","status-publish","has-post-thumbnail","hentry"],"_links":{"self":[{"href":"https:\/\/www.demirmodel.com\/en\/wp-json\/wp\/v2\/pages\/1194","targetHints":{"allow":["GET"]}}],"collection":[{"href":"https:\/\/www.demirmodel.com\/en\/wp-json\/wp\/v2\/pages"}],"about":[{"href":"https:\/\/www.demirmodel.com\/en\/wp-json\/wp\/v2\/types\/page"}],"author":[{"embeddable":true,"href":"https:\/\/www.demirmodel.com\/en\/wp-json\/wp\/v2\/users\/1"}],"replies":[{"embeddable":true,"href":"https:\/\/www.demirmodel.com\/en\/wp-json\/wp\/v2\/comments?post=1194"}],"version-history":[{"count":7,"href":"https:\/\/www.demirmodel.com\/en\/wp-json\/wp\/v2\/pages\/1194\/revisions"}],"predecessor-version":[{"id":1484,"href":"https:\/\/www.demirmodel.com\/en\/wp-json\/wp\/v2\/pages\/1194\/revisions\/1484"}],"up":[{"embeddable":true,"href":"https:\/\/www.demirmodel.com\/en\/wp-json\/wp\/v2\/pages\/510"}],"wp:featuredmedia":[{"embeddable":true,"href":"https:\/\/www.demirmodel.com\/en\/wp-json\/wp\/v2\/media\/585"}],"wp:attachment":[{"href":"https:\/\/www.demirmodel.com\/en\/wp-json\/wp\/v2\/media?parent=1194"}],"curies":[{"name":"wp","href":"https:\/\/api.w.org\/{rel}","templated":true}]}}